{"id":4657,"date":"2025-06-02T21:48:49","date_gmt":"2025-06-02T19:48:49","guid":{"rendered":"https:\/\/agenciaviazi.com\/?page_id=4657"},"modified":"2025-06-02T22:14:15","modified_gmt":"2025-06-02T20:14:15","slug":"asistencias-de-viajes","status":"publish","type":"page","link":"https:\/\/agenciaviazi.com\/en\/asistencias-de-viajes\/","title":{"rendered":"Asistencias de viajes"},"content":{"rendered":"<div data-elementor-type=\"wp-page\" data-elementor-id=\"4657\" class=\"elementor elementor-4657\" data-elementor-post-type=\"page\">\n\t\t\t\t\t\t<section class=\"elementor-section elementor-top-section elementor-element elementor-element-757bb2d4 elementor-section-boxed elementor-section-height-default elementor-section-height-default\" data-id=\"757bb2d4\" data-element_type=\"section\" data-e-type=\"section\" data-settings=\"{&quot;background_background&quot;:&quot;classic&quot;}\">\n\t\t\t\t\t\t\t<div class=\"elementor-background-overlay\"><\/div>\n\t\t\t\t\t\t\t<div class=\"elementor-container elementor-column-gap-no\">\n\t\t\t\t\t<div class=\"elementor-column elementor-col-100 elementor-top-column elementor-element elementor-element-db23344\" data-id=\"db23344\" data-element_type=\"column\" data-e-type=\"column\">\n\t\t\t<div class=\"elementor-widget-wrap\">\n\t\t\t\t\t\t\t<\/div>\n\t\t<\/div>\n\t\t\t\t\t<\/div>\n\t\t<\/section>\n\t\t\t\t<section class=\"elementor-section elementor-top-section elementor-element elementor-element-ee13345 elementor-section-boxed elementor-section-height-default elementor-section-height-default\" data-id=\"ee13345\" data-element_type=\"section\" data-e-type=\"section\">\n\t\t\t\t\t\t<div class=\"elementor-container elementor-column-gap-no\">\n\t\t\t\t\t<div class=\"elementor-column elementor-col-50 elementor-top-column elementor-element elementor-element-eae9a03\" data-id=\"eae9a03\" data-element_type=\"column\" data-e-type=\"column\">\n\t\t\t<div class=\"elementor-widget-wrap elementor-element-populated\">\n\t\t\t\t\t\t<section class=\"elementor-section elementor-inner-section elementor-element elementor-element-3be628af elementor-section-boxed elementor-section-height-default elementor-section-height-default\" data-id=\"3be628af\" data-element_type=\"section\" data-e-type=\"section\">\n\t\t\t\t\t\t<div class=\"elementor-container elementor-column-gap-no\">\n\t\t\t\t\t<div class=\"elementor-column elementor-col-100 elementor-inner-column elementor-element elementor-element-7f43efad\" data-id=\"7f43efad\" data-element_type=\"column\" data-e-type=\"column\">\n\t\t\t<div class=\"elementor-widget-wrap elementor-element-populated\">\n\t\t\t\t\t\t<div class=\"elementor-element elementor-element-67d8103e elementor-widget elementor-widget-heading\" data-id=\"67d8103e\" data-element_type=\"widget\" data-e-type=\"widget\" data-widget_type=\"heading.default\">\n\t\t\t\t<div class=\"elementor-widget-container\">\n\t\t\t\t\t<h2 class=\"elementor-heading-title elementor-size-default\">ASESOR\u00cdAS MIGRATORIAS SCHENGEN<\/h2>\t\t\t\t<\/div>\n\t\t\t\t<\/div>\n\t\t\t\t<div class=\"elementor-element elementor-element-1df7f2be elementor-widget elementor-widget-image\" data-id=\"1df7f2be\" data-element_type=\"widget\" data-e-type=\"widget\" data-widget_type=\"image.default\">\n\t\t\t\t<div class=\"elementor-widget-container\">\n\t\t\t\t\t\t\t\t\t\t\t\t\t\t\t<img fetchpriority=\"high\" decoding=\"async\" width=\"800\" height=\"533\" src=\"https:\/\/agenciaviazi.com\/wp-content\/uploads\/2025\/04\/portrait-of-three-happy-tourists-standing-on-the-street-and-looking-at-camera-group-of-travelers-1024x682.jpg\" class=\"attachment-large size-large wp-image-3439\" alt=\"Portrait of three happy tourists standing on the street and looking at camera. Group of travelers\" srcset=\"https:\/\/agenciaviazi.com\/wp-content\/uploads\/2025\/04\/portrait-of-three-happy-tourists-standing-on-the-street-and-looking-at-camera-group-of-travelers-1024x682.jpg 1024w, https:\/\/agenciaviazi.com\/wp-content\/uploads\/2025\/04\/portrait-of-three-happy-tourists-standing-on-the-street-and-looking-at-camera-group-of-travelers-300x200.jpg 300w, https:\/\/agenciaviazi.com\/wp-content\/uploads\/2025\/04\/portrait-of-three-happy-tourists-standing-on-the-street-and-looking-at-camera-group-of-travelers-768x512.jpg 768w, https:\/\/agenciaviazi.com\/wp-content\/uploads\/2025\/04\/portrait-of-three-happy-tourists-standing-on-the-street-and-looking-at-camera-group-of-travelers-1536x1024.jpg 1536w, https:\/\/agenciaviazi.com\/wp-content\/uploads\/2025\/04\/portrait-of-three-happy-tourists-standing-on-the-street-and-looking-at-camera-group-of-travelers-600x400.jpg 600w, https:\/\/agenciaviazi.com\/wp-content\/uploads\/2025\/04\/portrait-of-three-happy-tourists-standing-on-the-street-and-looking-at-camera-group-of-travelers.jpg 2000w\" sizes=\"(max-width: 800px) 100vw, 800px\" \/>\t\t\t\t\t\t\t\t\t\t\t\t\t\t\t<\/div>\n\t\t\t\t<\/div>\n\t\t\t\t<div class=\"elementor-element elementor-element-3225e14c elementor-tabs-view-horizontal elementor-widget elementor-widget-tabs\" data-id=\"3225e14c\" data-element_type=\"widget\" data-e-type=\"widget\" data-widget_type=\"tabs.default\">\n\t\t\t\t<div class=\"elementor-widget-container\">\n\t\t\t\t\t\t\t<div class=\"elementor-tabs\">\n\t\t\t<div class=\"elementor-tabs-wrapper\" role=\"tablist\" >\n\t\t\t\t\t\t\t\t\t<div id=\"elementor-tab-title-8411\" class=\"elementor-tab-title elementor-tab-desktop-title\" aria-selected=\"true\" data-tab=\"1\" role=\"tab\" tabindex=\"0\" aria-controls=\"elementor-tab-content-8411\" aria-expanded=\"false\">Viajar es vivir\u2026 y vivir sin preocupaciones lo cambia todo.<\/div>\n\t\t\t\t\t\t\t<\/div>\n\t\t\t<div class=\"elementor-tabs-content-wrapper\" role=\"tablist\" aria-orientation=\"vertical\">\n\t\t\t\t\t\t\t\t\t<div class=\"elementor-tab-title elementor-tab-mobile-title\" aria-selected=\"true\" data-tab=\"1\" role=\"tab\" tabindex=\"0\" aria-controls=\"elementor-tab-content-8411\" aria-expanded=\"false\">Viajar es vivir\u2026 y vivir sin preocupaciones lo cambia todo.<\/div>\n\t\t\t\t\t<div id=\"elementor-tab-content-8411\" class=\"elementor-tab-content elementor-clearfix\" data-tab=\"1\" role=\"tabpanel\" aria-labelledby=\"elementor-tab-title-8411\" tabindex=\"0\" hidden=\"false\"><p data-start=\"337\" data-end=\"627\">Sabemos que cada viaje es una historia \u00fanica. Puede ser un reencuentro familiar, una luna de miel so\u00f1ada o esa gran aventura que llevas a\u00f1os esperando. Y aunque lo planifiques todo, lo inesperado puede aparecer en el camino En Viazi te ofrecemos m\u00e1s que una asistencia: te damos tranquilidad.<br data-start=\"697\" data-end=\"700\" \/>Con nuestro acompa\u00f1amiento, viajas con respaldo en salud, emergencias, p\u00e9rdidas de equipaje y mucho m\u00e1s. Porque lo importante es que disfrutes cada momento con la seguridad de tener a alguien que te cuida, est\u00e9s donde est\u00e9s.<\/p><\/div>\n\t\t\t\t\t\t\t<\/div>\n\t\t<\/div>\n\t\t\t\t\t\t<\/div>\n\t\t\t\t<\/div>\n\t\t\t\t<div class=\"elementor-element elementor-element-5e23b91a elementor-widget elementor-widget-google_maps\" data-id=\"5e23b91a\" data-element_type=\"widget\" data-e-type=\"widget\" data-widget_type=\"google_maps.default\">\n\t\t\t\t<div class=\"elementor-widget-container\">\n\t\t\t\t\t\t\t<div class=\"elementor-custom-embed\">\n\t\t\t<iframe loading=\"lazy\"\n\t\t\t\t\tsrc=\"https:\/\/maps.google.com\/maps?q=VIAZI&#038;t=m&#038;z=10&#038;output=embed&#038;iwloc=near\"\n\t\t\t\t\ttitle=\"VIAZI\"\n\t\t\t\t\taria-label=\"VIAZI\"\n\t\t\t><\/iframe>\n\t\t<\/div>\n\t\t\t\t\t\t<\/div>\n\t\t\t\t<\/div>\n\t\t\t\t\t<\/div>\n\t\t<\/div>\n\t\t\t\t\t<\/div>\n\t\t<\/section>\n\t\t\t\t\t<\/div>\n\t\t<\/div>\n\t\t\t\t<div class=\"elementor-column elementor-col-50 elementor-top-column elementor-element elementor-element-4fa000a8\" data-id=\"4fa000a8\" data-element_type=\"column\" data-e-type=\"column\">\n\t\t\t<div class=\"elementor-widget-wrap elementor-element-populated\">\n\t\t\t\t\t\t<section class=\"elementor-section elementor-inner-section elementor-element elementor-element-7c21f7cf elementor-section-boxed elementor-section-height-default elementor-section-height-default\" data-id=\"7c21f7cf\" data-element_type=\"section\" data-e-type=\"section\" data-settings=\"{&quot;background_background&quot;:&quot;classic&quot;}\">\n\t\t\t\t\t\t<div class=\"elementor-container elementor-column-gap-no\">\n\t\t\t\t\t<div class=\"elementor-column elementor-col-100 elementor-inner-column elementor-element elementor-element-5433b481\" data-id=\"5433b481\" data-element_type=\"column\" data-e-type=\"column\">\n\t\t\t<div class=\"elementor-widget-wrap\">\n\t\t\t\t\t\t\t<\/div>\n\t\t<\/div>\n\t\t\t\t\t<\/div>\n\t\t<\/section>\n\t\t\t\t<section class=\"elementor-section elementor-inner-section elementor-element elementor-element-60db3d12 elementor-section-boxed elementor-section-height-default elementor-section-height-default\" data-id=\"60db3d12\" data-element_type=\"section\" data-e-type=\"section\">\n\t\t\t\t\t\t<div class=\"elementor-container elementor-column-gap-default\">\n\t\t\t\t\t<div class=\"elementor-column elementor-col-100 elementor-inner-column elementor-element elementor-element-e29abdb\" data-id=\"e29abdb\" data-element_type=\"column\" data-e-type=\"column\">\n\t\t\t<div class=\"elementor-widget-wrap elementor-element-populated\">\n\t\t\t\t\t\t<div class=\"elementor-element elementor-element-6bb427c6 elementor-widget elementor-widget-html\" data-id=\"6bb427c6\" data-element_type=\"widget\" data-e-type=\"widget\" data-widget_type=\"html.default\">\n\t\t\t\t<div class=\"elementor-widget-container\">\n\t\t\t\t\t<!-- COTIZADOR MOSTRADO AL CARGAR -->\r\n<div id=\"cotizadorSeguro\" style=\"display: block;\">\r\n  <div class=\"cotizador-container\">\r\n    <div class=\"cotizador-header\">\r\n      <img decoding=\"async\" src=\"http:\/\/agenciaviiza.com\/wp-content\/uploads\/2023\/10\/cropped-Viiza-800x800-1.png\" alt=\"Logo Viiza\" class=\"cotizador-logo\">\r\n      <p class=\"tagline\">Travel assistance<\/p>\r\n    <\/div>\r\n\r\n    <!-- SCRIPT ESCALA -->\r\n    <script id=\"escala-form-4ce02059-a9c1-45a2-b4fe-ac4948444143-ran0962217996435658dom\" data-version=\"0.1.0\">\r\n      window[\"escala-form-4ce02059-a9c1-45a2-b4fe-ac4948444143-ran0962217996435658dom\"] = {\r\n        e: \"page\",\r\n        f: \"4ce02059-a9c1-45a2-b4fe-ac4948444143\",\r\n        l: \"es\",\r\n        r: \"ran0962217996435658dom\"\r\n      };\r\n\r\n      function escInitFormImpl(opts) {\r\n        (function () {\r\n          var eventMethod = window.addEventListener ? \"addEventListener\" : \"attachEvent\";\r\n          var eventer = window[eventMethod];\r\n          var messageEvent = eventMethod === \"attachEvent\" ? \"onmessage\" : \"message\";\r\n          eventer(messageEvent, function (e) {\r\n            if (e.data.origin === \"escalaForm\") {\r\n              if (e.data.eventName === \"init\" && e.data.height) {\r\n                const iframe = document.querySelector(\"[escala-element-form=\\\"escala-form-\" + e.data.instance + \"\\\"]\");\r\n                if (iframe) iframe.height = e.data.height;\r\n              }\r\n            }\r\n          });\r\n\r\n          var iframeId = \"escala-iframe-{f}-{l}-{r}\".replace(\"{f}\", opts.f).replace(\"{l}\", opts.l).replace(\"{r}\", opts.r);\r\n          var iframeElem = document.getElementById(iframeId);\r\n          if (iframeElem) iframeElem.remove();\r\n          iframeElem = document.createElement(\"iframe\");\r\n\r\n          var host = btoa(JSON.stringify({ loc: location.href, title: encodeURIComponent(document.title), ref: document.referrer }));\r\n          var instance = (opts.f + \"-\" + opts.r + \"-\" + (Math.random())).replace(\".\", \"-\");\r\n          var params = \"form=\" + opts.f + \"&lang=\" + opts.l + \"&instance=\" + instance + \"&host=\" + host + \"&v=\" + (Math.random());\r\n\r\n          iframeElem.setAttribute(\"src\", \"https:\/\/escalapages.com\/plugins\/forms\/embed.html?\" + params);\r\n          iframeElem.setAttribute(\"scrolling\", \"no\");\r\n          iframeElem.width = \"100%\";\r\n          iframeElem.setAttribute(\"escala-element-form\", \"escala-form-\" + instance);\r\n          iframeElem.setAttribute(\"id\", iframeId);\r\n\r\n          var scriptElem = document.getElementById(\"escala-form-\" + opts.f + \"-\" + opts.r);\r\n          if (scriptElem.parentElement) {\r\n            scriptElem.parentElement.appendChild(iframeElem);\r\n          }\r\n        })();\r\n      }\r\n\r\n      function escInitForm() {\r\n        var opts = window[\"escala-form-4ce02059-a9c1-45a2-b4fe-ac4948444143-ran0962217996435658dom\"];\r\n        escInitFormImpl(opts);\r\n      }\r\n\r\n      if (window.addEventListener)\r\n        window.addEventListener(\"load\", escInitForm, false);\r\n      else if (window.attachEvent)\r\n        window.attachEvent(\"onload\", escInitForm);\r\n      else\r\n        window.onload = escInitForm;\r\n    <\/script>\r\n\r\n    <div class=\"privacy\">\r\n      <a href=\"https:\/\/agenciaviazi.com\/en\/declaracion-de-privacidad\/\" target=\"_blank\">\r\n        By quoting you accept our privacy policies\r\n      <\/a>\r\n    <\/div>\r\n  <\/div>\r\n<\/div>\r\n\r\n<!-- ESTILOS ACTUALIZADOS -->\r\n<style>\r\n.cotizador-container {\r\n  max-width: 480px;\r\n  margin: 40px auto;\r\n  background-color: #ffffff;\r\n  padding: 30px 20px;\r\n  border-radius: 12px;\r\n  box-shadow: 0 0 20px rgba(0, 0, 0, 0.08);\r\n  font-family: 'Helvetica Neue', sans-serif;\r\n}\r\n\r\n.cotizador-header {\r\n  text-align: center;\r\n  margin-bottom: 25px;\r\n}\r\n\r\n.cotizador-header .cotizador-logo {\r\n  width: 100px;\r\n  margin-bottom: 10px;\r\n}\r\n\r\n.cotizador-header .tagline {\r\n  font-size: 18px;\r\n  font-weight: bold;\r\n  color: #374151;\r\n  text-transform: uppercase;\r\n  letter-spacing: 1px;\r\n}\r\n\r\n.privacy {\r\n  text-align: center;\r\n  font-size: 12px;\r\n  color: #6b7280;\r\n  margin-top: 20px;\r\n}\r\n\r\n.privacy a {\r\n  color: #2563eb;\r\n  text-decoration: none;\r\n}\r\n\r\n.privacy a:hover {\r\n  text-decoration: underline;\r\n}\r\n<\/style>\r\n\t\t\t\t<\/div>\n\t\t\t\t<\/div>\n\t\t\t\t\t<\/div>\n\t\t<\/div>\n\t\t\t\t\t<\/div>\n\t\t<\/section>\n\t\t\t\t<section class=\"elementor-section elementor-inner-section elementor-element elementor-element-6a264d9f elementor-section-boxed elementor-section-height-default elementor-section-height-default\" data-id=\"6a264d9f\" data-element_type=\"section\" data-e-type=\"section\">\n\t\t\t\t\t\t<div class=\"elementor-container elementor-column-gap-default\">\n\t\t\t\t\t<div class=\"elementor-column elementor-col-100 elementor-inner-column elementor-element elementor-element-358a713f\" data-id=\"358a713f\" data-element_type=\"column\" data-e-type=\"column\">\n\t\t\t<div class=\"elementor-widget-wrap elementor-element-populated\">\n\t\t\t\t\t\t<div class=\"elementor-element elementor-element-2edb9f87 elementor-widget elementor-widget-html\" data-id=\"2edb9f87\" data-element_type=\"widget\" data-e-type=\"widget\" data-widget_type=\"html.default\">\n\t\t\t\t<div class=\"elementor-widget-container\">\n\t\t\t\t\t<!-- Bot\u00f3n est\u00e1tico de WhatsApp centrado -->\r\n<div style=\"text-align: center;\">\r\n  <div id=\"whatsapp-button\">\r\n    <a href=\"https:\/\/wa.link\/541cv0\" target=\"_blank\">\r\n      <div class=\"whatsapp-content\">\r\n        <span>Contact an advisor<\/span>\r\n        <img decoding=\"async\" src=\"https:\/\/nutriflex.life\/wp-content\/uploads\/2025\/01\/Digital_Glyph_White.png\" alt=\"WhatsApp Logo\">\r\n      <\/div>\r\n    <\/a>\r\n  <\/div>\r\n<\/div>\r\n\r\n<style>\r\n  #whatsapp-button {\r\n    display: inline-flex;\r\n    align-items: center;\r\n    justify-content: center;\r\n    background-color: #25D366;\r\n    border-radius: 50px;\r\n    padding: 10px 20px;\r\n    box-shadow: 0px 4px 6px rgba(0, 0, 0, 0.1);\r\n    transition: transform 0.3s ease, box-shadow 0.3s ease;\r\n  }\r\n\r\n  #whatsapp-button:hover {\r\n    transform: scale(1.05);\r\n    box-shadow: 0px 6px 10px rgba(0, 0, 0, 0.15);\r\n  }\r\n\r\n  #whatsapp-button a {\r\n    text-decoration: none;\r\n    color: white;\r\n    display: flex;\r\n    align-items: center;\r\n  }\r\n\r\n  #whatsapp-button .whatsapp-content {\r\n    display: flex;\r\n    align-items: center;\r\n  }\r\n\r\n  #whatsapp-button span {\r\n    font-family: Arial, sans-serif;\r\n    font-size: 14px;\r\n    font-weight: bold;\r\n    margin-right: 10px;\r\n    color: white;\r\n  }\r\n\r\n  #whatsapp-button img {\r\n    width: 30px;\r\n    height: 30px;\r\n    border-radius: 50%;\r\n    object-fit: cover;\r\n  }\r\n<\/style>\r\n\t\t\t\t<\/div>\n\t\t\t\t<\/div>\n\t\t\t\t\t<\/div>\n\t\t<\/div>\n\t\t\t\t\t<\/div>\n\t\t<\/section>\n\t\t\t\t\t<\/div>\n\t\t<\/div>\n\t\t\t\t\t<\/div>\n\t\t<\/section>\n\t\t\t\t<\/div>","protected":false},"excerpt":{"rendered":"<p>ASESOR\u00cdAS MIGRATORIAS SCHENGEN Viajar es vivir\u2026 y vivir sin preocupaciones lo cambia todo. Viajar es vivir\u2026 y vivir sin preocupaciones lo cambia todo. Sabemos que cada viaje es una historia \u00fanica. Puede ser un reencuentro familiar, una luna de miel so\u00f1ada o esa gran aventura que llevas a\u00f1os esperando. Y aunque lo planifiques todo, lo [&hellip;]<\/p>","protected":false},"author":1,"featured_media":0,"parent":0,"menu_order":0,"comment_status":"closed","ping_status":"closed","template":"elementor_canvas","meta":{"footnotes":""},"class_list":["post-4657","page","type-page","status-publish","hentry"],"_links":{"self":[{"href":"https:\/\/agenciaviazi.com\/en\/wp-json\/wp\/v2\/pages\/4657","targetHints":{"allow":["GET"]}}],"collection":[{"href":"https:\/\/agenciaviazi.com\/en\/wp-json\/wp\/v2\/pages"}],"about":[{"href":"https:\/\/agenciaviazi.com\/en\/wp-json\/wp\/v2\/types\/page"}],"author":[{"embeddable":true,"href":"https:\/\/agenciaviazi.com\/en\/wp-json\/wp\/v2\/users\/1"}],"replies":[{"embeddable":true,"href":"https:\/\/agenciaviazi.com\/en\/wp-json\/wp\/v2\/comments?post=4657"}],"version-history":[{"count":13,"href":"https:\/\/agenciaviazi.com\/en\/wp-json\/wp\/v2\/pages\/4657\/revisions"}],"predecessor-version":[{"id":4687,"href":"https:\/\/agenciaviazi.com\/en\/wp-json\/wp\/v2\/pages\/4657\/revisions\/4687"}],"wp:attachment":[{"href":"https:\/\/agenciaviazi.com\/en\/wp-json\/wp\/v2\/media?parent=4657"}],"curies":[{"name":"wp","href":"https:\/\/api.w.org\/{rel}","templated":true}]}}