{"id":4601,"date":"2025-06-02T20:17:10","date_gmt":"2025-06-02T18:17:10","guid":{"rendered":"https:\/\/agenciaviazi.com\/?page_id=4601"},"modified":"2025-06-30T23:17:35","modified_gmt":"2025-06-30T21:17:35","slug":"estudia-en-australia","status":"publish","type":"page","link":"https:\/\/agenciaviazi.com\/en\/estudia-en-australia\/","title":{"rendered":"Study in Australia"},"content":{"rendered":"<div data-elementor-type=\"wp-page\" data-elementor-id=\"4601\" class=\"elementor elementor-4601\" data-elementor-post-type=\"page\">\n\t\t\t\t\t\t<section class=\"elementor-section elementor-top-section elementor-element elementor-element-4e0fe76c elementor-section-boxed elementor-section-height-default elementor-section-height-default\" data-id=\"4e0fe76c\" data-element_type=\"section\" data-e-type=\"section\" data-settings=\"{&quot;background_background&quot;:&quot;classic&quot;}\">\n\t\t\t\t\t\t\t<div class=\"elementor-background-overlay\"><\/div>\n\t\t\t\t\t\t\t<div class=\"elementor-container elementor-column-gap-no\">\n\t\t\t\t\t<div class=\"elementor-column elementor-col-100 elementor-top-column elementor-element elementor-element-53646b05\" data-id=\"53646b05\" data-element_type=\"column\" data-e-type=\"column\">\n\t\t\t<div class=\"elementor-widget-wrap\">\n\t\t\t\t\t\t\t<\/div>\n\t\t<\/div>\n\t\t\t\t\t<\/div>\n\t\t<\/section>\n\t\t\t\t<section class=\"elementor-section elementor-top-section elementor-element elementor-element-6b317bfa elementor-section-boxed elementor-section-height-default elementor-section-height-default\" data-id=\"6b317bfa\" data-element_type=\"section\" data-e-type=\"section\">\n\t\t\t\t\t\t<div class=\"elementor-container elementor-column-gap-no\">\n\t\t\t\t\t<div class=\"elementor-column elementor-col-50 elementor-top-column elementor-element elementor-element-745359d3\" data-id=\"745359d3\" data-element_type=\"column\" data-e-type=\"column\">\n\t\t\t<div class=\"elementor-widget-wrap elementor-element-populated\">\n\t\t\t\t\t\t<section class=\"elementor-section elementor-inner-section elementor-element elementor-element-3ab05215 elementor-section-boxed elementor-section-height-default elementor-section-height-default\" data-id=\"3ab05215\" data-element_type=\"section\" data-e-type=\"section\">\n\t\t\t\t\t\t<div class=\"elementor-container elementor-column-gap-no\">\n\t\t\t\t\t<div class=\"elementor-column elementor-col-100 elementor-inner-column elementor-element elementor-element-31a5ba3\" data-id=\"31a5ba3\" data-element_type=\"column\" data-e-type=\"column\">\n\t\t\t<div class=\"elementor-widget-wrap elementor-element-populated\">\n\t\t\t\t\t\t<div class=\"elementor-element elementor-element-55b99477 elementor-widget elementor-widget-heading\" data-id=\"55b99477\" data-element_type=\"widget\" data-e-type=\"widget\" data-widget_type=\"heading.default\">\n\t\t\t\t<div class=\"elementor-widget-container\">\n\t\t\t\t\t<h2 class=\"elementor-heading-title elementor-size-default\">STUDY IN AUSTRALIA<\/h2>\t\t\t\t<\/div>\n\t\t\t\t<\/div>\n\t\t\t\t<div class=\"elementor-element elementor-element-542da35a elementor-widget elementor-widget-image\" data-id=\"542da35a\" data-element_type=\"widget\" data-e-type=\"widget\" data-widget_type=\"image.default\">\n\t\t\t\t<div class=\"elementor-widget-container\">\n\t\t\t\t\t\t\t\t\t\t\t\t\t\t\t<img fetchpriority=\"high\" decoding=\"async\" width=\"800\" height=\"606\" src=\"https:\/\/agenciaviazi.com\/wp-content\/uploads\/2025\/06\/young-couple-enjoying-view-from-terrace-melbourne-victoria-australia-1024x776.jpg\" class=\"attachment-large size-large wp-image-4618\" alt=\"Young couple enjoying view from terrace, Melbourne, Victoria, Australia\" srcset=\"https:\/\/agenciaviazi.com\/wp-content\/uploads\/2025\/06\/young-couple-enjoying-view-from-terrace-melbourne-victoria-australia-1024x776.jpg 1024w, https:\/\/agenciaviazi.com\/wp-content\/uploads\/2025\/06\/young-couple-enjoying-view-from-terrace-melbourne-victoria-australia-300x227.jpg 300w, https:\/\/agenciaviazi.com\/wp-content\/uploads\/2025\/06\/young-couple-enjoying-view-from-terrace-melbourne-victoria-australia-768x582.jpg 768w, https:\/\/agenciaviazi.com\/wp-content\/uploads\/2025\/06\/young-couple-enjoying-view-from-terrace-melbourne-victoria-australia-1536x1164.jpg 1536w, https:\/\/agenciaviazi.com\/wp-content\/uploads\/2025\/06\/young-couple-enjoying-view-from-terrace-melbourne-victoria-australia-600x455.jpg 600w, https:\/\/agenciaviazi.com\/wp-content\/uploads\/2025\/06\/young-couple-enjoying-view-from-terrace-melbourne-victoria-australia.jpg 2000w\" sizes=\"(max-width: 800px) 100vw, 800px\" \/>\t\t\t\t\t\t\t\t\t\t\t\t\t\t\t<\/div>\n\t\t\t\t<\/div>\n\t\t\t\t<div class=\"elementor-element elementor-element-3f5e0b84 elementor-tabs-view-horizontal elementor-widget elementor-widget-tabs\" data-id=\"3f5e0b84\" data-element_type=\"widget\" data-e-type=\"widget\" data-widget_type=\"tabs.default\">\n\t\t\t\t<div class=\"elementor-widget-container\">\n\t\t\t\t\t\t\t<div class=\"elementor-tabs\">\n\t\t\t<div class=\"elementor-tabs-wrapper\" role=\"tablist\" >\n\t\t\t\t\t\t\t\t\t<div id=\"elementor-tab-title-1061\" class=\"elementor-tab-title elementor-tab-desktop-title\" aria-selected=\"true\" data-tab=\"1\" role=\"tab\" tabindex=\"0\" aria-controls=\"elementor-tab-content-1061\" aria-expanded=\"false\">YOUR NEXT JOURNEY STARTS HERE!<\/div>\n\t\t\t\t\t\t\t<\/div>\n\t\t\t<div class=\"elementor-tabs-content-wrapper\" role=\"tablist\" aria-orientation=\"vertical\">\n\t\t\t\t\t\t\t\t\t<div class=\"elementor-tab-title elementor-tab-mobile-title\" aria-selected=\"true\" data-tab=\"1\" role=\"tab\" tabindex=\"0\" aria-controls=\"elementor-tab-content-1061\" aria-expanded=\"false\">YOUR NEXT JOURNEY STARTS HERE!<\/div>\n\t\t\t\t\t<div id=\"elementor-tab-content-1061\" class=\"elementor-tab-content elementor-clearfix\" data-tab=\"1\" role=\"tabpanel\" aria-labelledby=\"elementor-tab-title-1061\" tabindex=\"0\" hidden=\"false\"><p>Australia offers much more than kangaroos and beaches: its education system is one of the best in the world. Studying here is a unique adventure, and at Viazi, we're ready to help you take that big leap.<\/p><\/div>\n\t\t\t\t\t\t\t<\/div>\n\t\t<\/div>\n\t\t\t\t\t\t<\/div>\n\t\t\t\t<\/div>\n\t\t\t\t\t<\/div>\n\t\t<\/div>\n\t\t\t\t\t<\/div>\n\t\t<\/section>\n\t\t\t\t\t<\/div>\n\t\t<\/div>\n\t\t\t\t<div class=\"elementor-column elementor-col-50 elementor-top-column elementor-element elementor-element-26145b1d\" data-id=\"26145b1d\" data-element_type=\"column\" data-e-type=\"column\">\n\t\t\t<div class=\"elementor-widget-wrap elementor-element-populated\">\n\t\t\t\t\t\t<section class=\"elementor-section elementor-inner-section elementor-element elementor-element-18bed57d elementor-section-boxed elementor-section-height-default elementor-section-height-default\" data-id=\"18bed57d\" data-element_type=\"section\" data-e-type=\"section\" data-settings=\"{&quot;background_background&quot;:&quot;classic&quot;}\">\n\t\t\t\t\t\t<div class=\"elementor-container elementor-column-gap-no\">\n\t\t\t\t\t<div class=\"elementor-column elementor-col-100 elementor-inner-column elementor-element elementor-element-8c4eab6\" data-id=\"8c4eab6\" data-element_type=\"column\" data-e-type=\"column\">\n\t\t\t<div class=\"elementor-widget-wrap\">\n\t\t\t\t\t\t\t<\/div>\n\t\t<\/div>\n\t\t\t\t\t<\/div>\n\t\t<\/section>\n\t\t\t\t<section class=\"elementor-section elementor-inner-section elementor-element elementor-element-1b33f28b elementor-section-boxed elementor-section-height-default elementor-section-height-default\" data-id=\"1b33f28b\" data-element_type=\"section\" data-e-type=\"section\">\n\t\t\t\t\t\t<div class=\"elementor-container elementor-column-gap-default\">\n\t\t\t\t\t<div class=\"elementor-column elementor-col-100 elementor-inner-column elementor-element elementor-element-1b1f5787\" data-id=\"1b1f5787\" data-element_type=\"column\" data-e-type=\"column\">\n\t\t\t<div class=\"elementor-widget-wrap elementor-element-populated\">\n\t\t\t\t\t\t<div class=\"elementor-element elementor-element-ef10700 elementor-widget elementor-widget-html\" data-id=\"ef10700\" data-element_type=\"widget\" data-e-type=\"widget\" data-widget_type=\"html.default\">\n\t\t\t\t<div class=\"elementor-widget-container\">\n\t\t\t\t\t<div class=\"cotizador-container\">\r\n<div class=\"cotizador-header\">\r\n<img src=\"https:\/\/agenciaviazi.com\/wp-content\/uploads\/2025\/05\/logo-transparente-principal.png\"\" alt=\"Logo Viiza\">\r\n<p class=\"tagline\">Immigration Procedures<\/p>\r\n<\/div>\r\n\r\n<!-- SCRIPT ESCALA PARA TR\u00c1MITES -->\r\n<script id=\"escala-form-a50e3fd5-ce88-44ae-b819-ed8afa4c4e69-ran000\" data-version=\"0.1.0\">\r\nwindow[\"escala-form-a50e3fd5-ce88-44ae-b819-ed8afa4c4e69-ran000\"] = {\r\ne: \"page\",\r\nf: \"a50e3fd5-ce88-44ae-b819-ed8afa4c4e69\",\r\nl: \"es\",\r\nr: \"ran000\"\r\n};\r\n\r\nfunction escInitFormImpl(opts) {\r\n(function () {\r\nvar eventMethod = window.addEventListener ? \"addEventListener\" : \"attachEvent\";\r\nvar eventer = window[eventMethod];\r\nvar messageEvent = eventMethod === \"attachEvent\" ? \"onmessage\" : \"message\";\r\neventer(messageEvent, function (e) {\r\nif (e.data.origin === \"escalaForm\") {\r\nif (e.data.eventName === \"init\" && e.data.height) {\r\nconst iframe = document.querySelector(\"[escala-element-form=\\\"escala-form-\" + e.data.instance + \"\\\"]\");\r\nif (iframe) iframe.height = e.data.height;\r\n}\r\n}\r\n});\r\n\r\nvar iframeId = \"escala-iframe-{f}-{l}-{r}\".replace(\"{f}\", opts.f).replace(\"{l}\", opts.l).replace(\"{r}\", opts.r);\r\nvar iframeElem = document.getElementById(iframeId);\r\nif (iframeElem) iframeElem.remove();\r\niframeElem = document.createElement(\"iframe\");\r\n\r\nvar host = btoa(JSON.stringify({ loc: location.href, title: encodeURIComponent(document.title), ref: document.referrer }));\r\nvar instance = (opts.f + \"-\" + opts.r + \"-\" + (Math.random())).replace(\".\", \"-\");\r\nvar params = \"form=\" + opts.f + \"&lang=\" + opts.l + \"&instance=\" + instance + \"&host=\" + host + \"&v=\" + (Math.random());\r\n\r\niframeElem.setAttribute(\"src\", \"https:\/\/escalapages.com\/plugins\/forms\/embed.html?\" + params);\r\niframeElem.setAttribute(\"scrolling\", \"no\");\r\niframeElem.width = \"100%\";\r\niframeElem.setAttribute(\"escala-element-form\", \"escala-form-\" + instance);\r\niframeElem.setAttribute(\"id\", iframeId);\r\n\r\nvar scriptElem = document.getElementById(\"escala-form-\" + opts.f + \"-\" + opts.r);\r\nif (scriptElem.parentElement) {\r\nscriptElem.parentElement.appendChild(iframeElem);\r\n}\r\n})();\r\n}\r\n\r\nfunction escInitForm() {\r\nvar opts = window[\"escala-form-a50e3fd5-ce88-44ae-b819-ed8afa4c4e69-ran000\"];\r\nescInitFormImpl(opts);\r\n}\r\n\r\nif (window.addEventListener)\r\nwindow.addEventListener(\"load\", escInitForm, false);\r\nelse if (window.attachEvent)\r\nwindow.attachEvent(\"onload\", escInitForm);\r\nelse\r\nwindow.onload = escInitForm;\r\n<\/script>\r\n\r\n<div class=\"privacy\">\r\n<a href=\"https:\/\/agenciaviiza.com\/?page_id=1544\" target=\"_blank\">\r\nBy quoting you accept our privacy policies\r\n<\/a>\r\n<\/div>\r\n<\/div>\r\n\r\n<style>\r\n.cotizador-container {\r\nmax-width: 480px;\r\nmargin: 0 auto;\r\nbackground-color: #ffffff;\r\npadding: 30px 20px;\r\nborder-radius: 12px;\r\nbox-shadow: 0 0 20px rgba(0, 0, 0, 0.08);\r\nfont-family: 'Helvetica Neue', sans-serif;\r\n}\r\n\r\n.cotizador-header {\r\ntext-align: center;\r\nmargin-bottom: 25px;\r\n}\r\n\r\n.cotizador-header img {\r\nwidth: 100px;\r\nmargin-bottom: 10px;\r\n}\r\n\r\n.cotizador-header .tagline {\r\nfont-size: 18px;\r\nfont-weight: bold;\r\ncolor: #374151;\r\ntext-transform: uppercase;\r\nletter-spacing: 1px;\r\n}\r\n\r\n.privacy {\r\ntext-align: center;\r\nfont-size: 12px;\r\ncolor: #6b7280;\r\nmargin-top: 20px;\r\n}\r\n\r\n.privacy a {\r\ncolor: #2563eb;\r\ntext-decoration: none;\r\n}\r\n\r\n.privacy a:hover {\r\ntext-decoration: underline;\r\n}\r\n<\/style>\r\n\t\t\t\t<\/div>\n\t\t\t\t<\/div>\n\t\t\t\t\t<\/div>\n\t\t<\/div>\n\t\t\t\t\t<\/div>\n\t\t<\/section>\n\t\t\t\t<section class=\"elementor-section elementor-inner-section elementor-element elementor-element-3aad7b40 elementor-section-boxed elementor-section-height-default elementor-section-height-default\" data-id=\"3aad7b40\" data-element_type=\"section\" data-e-type=\"section\">\n\t\t\t\t\t\t<div class=\"elementor-container elementor-column-gap-default\">\n\t\t\t\t\t<div class=\"elementor-column elementor-col-100 elementor-inner-column elementor-element elementor-element-aaefb0\" data-id=\"aaefb0\" data-element_type=\"column\" data-e-type=\"column\">\n\t\t\t<div class=\"elementor-widget-wrap elementor-element-populated\">\n\t\t\t\t\t\t<div class=\"elementor-element elementor-element-7579ecf0 elementor-widget elementor-widget-html\" data-id=\"7579ecf0\" data-element_type=\"widget\" data-e-type=\"widget\" data-widget_type=\"html.default\">\n\t\t\t\t<div class=\"elementor-widget-container\">\n\t\t\t\t\t<!-- Bot\u00f3n est\u00e1tico de WhatsApp centrado -->\r\n<div style=\"text-align: center;\">\r\n  <div id=\"whatsapp-button\">\r\n    <a href=\"https:\/\/wa.link\/541cv0\" target=\"_blank\">\r\n      <div class=\"whatsapp-content\">\r\n        <span>Contact an advisor<\/span>\r\n        <img decoding=\"async\" src=\"https:\/\/nutriflex.life\/wp-content\/uploads\/2025\/01\/Digital_Glyph_White.png\" alt=\"WhatsApp Logo\">\r\n      <\/div>\r\n    <\/a>\r\n  <\/div>\r\n<\/div>\r\n\r\n<style>\r\n  #whatsapp-button {\r\n    display: inline-flex;\r\n    align-items: center;\r\n    justify-content: center;\r\n    background-color: #25D366;\r\n    border-radius: 50px;\r\n    padding: 10px 20px;\r\n    box-shadow: 0px 4px 6px rgba(0, 0, 0, 0.1);\r\n    transition: transform 0.3s ease, box-shadow 0.3s ease;\r\n  }\r\n\r\n  #whatsapp-button:hover {\r\n    transform: scale(1.05);\r\n    box-shadow: 0px 6px 10px rgba(0, 0, 0, 0.15);\r\n  }\r\n\r\n  #whatsapp-button a {\r\n    text-decoration: none;\r\n    color: white;\r\n    display: flex;\r\n    align-items: center;\r\n  }\r\n\r\n  #whatsapp-button .whatsapp-content {\r\n    display: flex;\r\n    align-items: center;\r\n  }\r\n\r\n  #whatsapp-button span {\r\n    font-family: Arial, sans-serif;\r\n    font-size: 14px;\r\n    font-weight: bold;\r\n    margin-right: 10px;\r\n    color: white;\r\n  }\r\n\r\n  #whatsapp-button img {\r\n    width: 30px;\r\n    height: 30px;\r\n    border-radius: 50%;\r\n    object-fit: cover;\r\n  }\r\n<\/style>\r\n\t\t\t\t<\/div>\n\t\t\t\t<\/div>\n\t\t\t\t<div class=\"elementor-element elementor-element-4003cb0c elementor-widget elementor-widget-google_maps\" data-id=\"4003cb0c\" data-element_type=\"widget\" data-e-type=\"widget\" data-widget_type=\"google_maps.default\">\n\t\t\t\t<div class=\"elementor-widget-container\">\n\t\t\t\t\t\t\t<div class=\"elementor-custom-embed\">\n\t\t\t<iframe loading=\"lazy\"\n\t\t\t\t\tsrc=\"https:\/\/maps.google.com\/maps?q=VIAZI&#038;t=m&#038;z=10&#038;output=embed&#038;iwloc=near\"\n\t\t\t\t\ttitle=\"VIAZI\"\n\t\t\t\t\taria-label=\"VIAZI\"\n\t\t\t><\/iframe>\n\t\t<\/div>\n\t\t\t\t\t\t<\/div>\n\t\t\t\t<\/div>\n\t\t\t\t\t<\/div>\n\t\t<\/div>\n\t\t\t\t\t<\/div>\n\t\t<\/section>\n\t\t\t\t\t<\/div>\n\t\t<\/div>\n\t\t\t\t\t<\/div>\n\t\t<\/section>\n\t\t\t\t<\/div>","protected":false},"excerpt":{"rendered":"<p>ESTUDIA EN AUSTRALIA \u00a1TU PR\u00d3XIMO VIAJE COMIENZA AQU\u00cd! \u00a1TU PR\u00d3XIMO VIAJE COMIENZA AQU\u00cd! Australia te ofrece mucho m\u00e1s que canguros y playas: su sistema educativo es uno de los mejores del mundo. Estudiar aqu\u00ed es vivir una aventura \u00fanica, y en Viazi estamos listos para ayudarte a dar el gran salto.<\/p>","protected":false},"author":1,"featured_media":0,"parent":0,"menu_order":0,"comment_status":"closed","ping_status":"closed","template":"elementor_header_footer","meta":{"footnotes":""},"class_list":["post-4601","page","type-page","status-publish","hentry"],"_links":{"self":[{"href":"https:\/\/agenciaviazi.com\/en\/wp-json\/wp\/v2\/pages\/4601","targetHints":{"allow":["GET"]}}],"collection":[{"href":"https:\/\/agenciaviazi.com\/en\/wp-json\/wp\/v2\/pages"}],"about":[{"href":"https:\/\/agenciaviazi.com\/en\/wp-json\/wp\/v2\/types\/page"}],"author":[{"embeddable":true,"href":"https:\/\/agenciaviazi.com\/en\/wp-json\/wp\/v2\/users\/1"}],"replies":[{"embeddable":true,"href":"https:\/\/agenciaviazi.com\/en\/wp-json\/wp\/v2\/comments?post=4601"}],"version-history":[{"count":7,"href":"https:\/\/agenciaviazi.com\/en\/wp-json\/wp\/v2\/pages\/4601\/revisions"}],"predecessor-version":[{"id":4776,"href":"https:\/\/agenciaviazi.com\/en\/wp-json\/wp\/v2\/pages\/4601\/revisions\/4776"}],"wp:attachment":[{"href":"https:\/\/agenciaviazi.com\/en\/wp-json\/wp\/v2\/media?parent=4601"}],"curies":[{"name":"wp","href":"https:\/\/api.w.org\/{rel}","templated":true}]}}