{"id":4597,"date":"2025-06-02T20:16:02","date_gmt":"2025-06-02T18:16:02","guid":{"rendered":"https:\/\/agenciaviazi.com\/?page_id=4597"},"modified":"2025-06-30T23:16:47","modified_gmt":"2025-06-30T21:16:47","slug":"estudia-en-estados-unidos","status":"publish","type":"page","link":"https:\/\/agenciaviazi.com\/en\/estudia-en-estados-unidos\/","title":{"rendered":"Study in the United States"},"content":{"rendered":"<div data-elementor-type=\"wp-page\" data-elementor-id=\"4597\" class=\"elementor elementor-4597\" data-elementor-post-type=\"page\">\n\t\t\t\t\t\t<section class=\"elementor-section elementor-top-section elementor-element elementor-element-40776975 elementor-section-boxed elementor-section-height-default elementor-section-height-default\" data-id=\"40776975\" data-element_type=\"section\" data-e-type=\"section\" data-settings=\"{&quot;background_background&quot;:&quot;classic&quot;}\">\n\t\t\t\t\t\t\t<div class=\"elementor-background-overlay\"><\/div>\n\t\t\t\t\t\t\t<div class=\"elementor-container elementor-column-gap-no\">\n\t\t\t\t\t<div class=\"elementor-column elementor-col-100 elementor-top-column elementor-element elementor-element-c24138b\" data-id=\"c24138b\" data-element_type=\"column\" data-e-type=\"column\">\n\t\t\t<div class=\"elementor-widget-wrap\">\n\t\t\t\t\t\t\t<\/div>\n\t\t<\/div>\n\t\t\t\t\t<\/div>\n\t\t<\/section>\n\t\t\t\t<section class=\"elementor-section elementor-top-section elementor-element elementor-element-76de4862 elementor-section-boxed elementor-section-height-default elementor-section-height-default\" data-id=\"76de4862\" data-element_type=\"section\" data-e-type=\"section\">\n\t\t\t\t\t\t<div class=\"elementor-container elementor-column-gap-no\">\n\t\t\t\t\t<div class=\"elementor-column elementor-col-50 elementor-top-column elementor-element elementor-element-4c331157\" data-id=\"4c331157\" data-element_type=\"column\" data-e-type=\"column\">\n\t\t\t<div class=\"elementor-widget-wrap elementor-element-populated\">\n\t\t\t\t\t\t<section class=\"elementor-section elementor-inner-section elementor-element elementor-element-c16e8e6 elementor-section-boxed elementor-section-height-default elementor-section-height-default\" data-id=\"c16e8e6\" data-element_type=\"section\" data-e-type=\"section\">\n\t\t\t\t\t\t<div class=\"elementor-container elementor-column-gap-no\">\n\t\t\t\t\t<div class=\"elementor-column elementor-col-100 elementor-inner-column elementor-element elementor-element-4bbf1663\" data-id=\"4bbf1663\" data-element_type=\"column\" data-e-type=\"column\">\n\t\t\t<div class=\"elementor-widget-wrap elementor-element-populated\">\n\t\t\t\t\t\t<div class=\"elementor-element elementor-element-692f00b7 elementor-widget elementor-widget-heading\" data-id=\"692f00b7\" data-element_type=\"widget\" data-e-type=\"widget\" data-widget_type=\"heading.default\">\n\t\t\t\t<div class=\"elementor-widget-container\">\n\t\t\t\t\t<h2 class=\"elementor-heading-title elementor-size-default\">Study in the United States<\/h2>\t\t\t\t<\/div>\n\t\t\t\t<\/div>\n\t\t\t\t<div class=\"elementor-element elementor-element-1e7f03d8 elementor-widget elementor-widget-image\" data-id=\"1e7f03d8\" data-element_type=\"widget\" data-e-type=\"widget\" data-widget_type=\"image.default\">\n\t\t\t\t<div class=\"elementor-widget-container\">\n\t\t\t\t\t\t\t\t\t\t\t\t\t\t\t<img fetchpriority=\"high\" decoding=\"async\" width=\"800\" height=\"533\" src=\"https:\/\/agenciaviazi.com\/wp-content\/uploads\/2025\/06\/harvard-university-campus-1024x682.jpg\" class=\"attachment-large size-large wp-image-4616\" alt=\"Harvard university campus\" srcset=\"https:\/\/agenciaviazi.com\/wp-content\/uploads\/2025\/06\/harvard-university-campus-1024x682.jpg 1024w, https:\/\/agenciaviazi.com\/wp-content\/uploads\/2025\/06\/harvard-university-campus-300x200.jpg 300w, https:\/\/agenciaviazi.com\/wp-content\/uploads\/2025\/06\/harvard-university-campus-768x512.jpg 768w, https:\/\/agenciaviazi.com\/wp-content\/uploads\/2025\/06\/harvard-university-campus-1536x1024.jpg 1536w, https:\/\/agenciaviazi.com\/wp-content\/uploads\/2025\/06\/harvard-university-campus-600x400.jpg 600w, https:\/\/agenciaviazi.com\/wp-content\/uploads\/2025\/06\/harvard-university-campus.jpg 2000w\" sizes=\"(max-width: 800px) 100vw, 800px\" \/>\t\t\t\t\t\t\t\t\t\t\t\t\t\t\t<\/div>\n\t\t\t\t<\/div>\n\t\t\t\t<div class=\"elementor-element elementor-element-7c5639d2 elementor-tabs-view-horizontal elementor-widget elementor-widget-tabs\" data-id=\"7c5639d2\" data-element_type=\"widget\" data-e-type=\"widget\" data-widget_type=\"tabs.default\">\n\t\t\t\t<div class=\"elementor-widget-container\">\n\t\t\t\t\t\t\t<div class=\"elementor-tabs\">\n\t\t\t<div class=\"elementor-tabs-wrapper\" role=\"tablist\" >\n\t\t\t\t\t\t\t\t\t<div id=\"elementor-tab-title-2081\" class=\"elementor-tab-title elementor-tab-desktop-title\" aria-selected=\"true\" data-tab=\"1\" role=\"tab\" tabindex=\"0\" aria-controls=\"elementor-tab-content-2081\" aria-expanded=\"false\">\u00a1TtU PR\u00d3XIMO VIAJE COMIENZA AQU\u00cd<\/div>\n\t\t\t\t\t\t\t<\/div>\n\t\t\t<div class=\"elementor-tabs-content-wrapper\" role=\"tablist\" aria-orientation=\"vertical\">\n\t\t\t\t\t\t\t\t\t<div class=\"elementor-tab-title elementor-tab-mobile-title\" aria-selected=\"true\" data-tab=\"1\" role=\"tab\" tabindex=\"0\" aria-controls=\"elementor-tab-content-2081\" aria-expanded=\"false\">\u00a1TtU PR\u00d3XIMO VIAJE COMIENZA AQU\u00cd<\/div>\n\t\t\t\t\t<div id=\"elementor-tab-content-2081\" class=\"elementor-tab-content elementor-clearfix\" data-tab=\"1\" role=\"tabpanel\" aria-labelledby=\"elementor-tab-title-2081\" tabindex=\"0\" hidden=\"false\"><p>The United States is the ideal destination if you dream of a high-level academic education, surrounded by innovation, diversity, and opportunity. We'll help you choose the best option, prepare you, and ensure your experience begins without complications.<\/p><\/div>\n\t\t\t\t\t\t\t<\/div>\n\t\t<\/div>\n\t\t\t\t\t\t<\/div>\n\t\t\t\t<\/div>\n\t\t\t\t\t<\/div>\n\t\t<\/div>\n\t\t\t\t\t<\/div>\n\t\t<\/section>\n\t\t\t\t\t<\/div>\n\t\t<\/div>\n\t\t\t\t<div class=\"elementor-column elementor-col-50 elementor-top-column elementor-element elementor-element-3059da41\" data-id=\"3059da41\" data-element_type=\"column\" data-e-type=\"column\">\n\t\t\t<div class=\"elementor-widget-wrap elementor-element-populated\">\n\t\t\t\t\t\t<section class=\"elementor-section elementor-inner-section elementor-element elementor-element-3e59bcc4 elementor-section-boxed elementor-section-height-default elementor-section-height-default\" data-id=\"3e59bcc4\" data-element_type=\"section\" data-e-type=\"section\" data-settings=\"{&quot;background_background&quot;:&quot;classic&quot;}\">\n\t\t\t\t\t\t<div class=\"elementor-container elementor-column-gap-no\">\n\t\t\t\t\t<div class=\"elementor-column elementor-col-100 elementor-inner-column elementor-element elementor-element-7f0c9026\" data-id=\"7f0c9026\" data-element_type=\"column\" data-e-type=\"column\">\n\t\t\t<div class=\"elementor-widget-wrap\">\n\t\t\t\t\t\t\t<\/div>\n\t\t<\/div>\n\t\t\t\t\t<\/div>\n\t\t<\/section>\n\t\t\t\t<section class=\"elementor-section elementor-inner-section elementor-element elementor-element-59615a6 elementor-section-boxed elementor-section-height-default elementor-section-height-default\" data-id=\"59615a6\" data-element_type=\"section\" data-e-type=\"section\">\n\t\t\t\t\t\t<div class=\"elementor-container elementor-column-gap-default\">\n\t\t\t\t\t<div class=\"elementor-column elementor-col-100 elementor-inner-column elementor-element elementor-element-6a2418a0\" data-id=\"6a2418a0\" data-element_type=\"column\" data-e-type=\"column\">\n\t\t\t<div class=\"elementor-widget-wrap elementor-element-populated\">\n\t\t\t\t\t\t<div class=\"elementor-element elementor-element-388ba393 elementor-widget elementor-widget-html\" data-id=\"388ba393\" data-element_type=\"widget\" data-e-type=\"widget\" data-widget_type=\"html.default\">\n\t\t\t\t<div class=\"elementor-widget-container\">\n\t\t\t\t\t<div class=\"cotizador-container\">\r\n<div class=\"cotizador-header\">\r\n<img src=\"https:\/\/agenciaviazi.com\/wp-content\/uploads\/2025\/05\/logo-transparente-principal.png\"\" alt=\"Logo Viiza\">\r\n<p class=\"tagline\">Immigration Procedures<\/p>\r\n<\/div>\r\n\r\n<!-- SCRIPT ESCALA PARA TR\u00c1MITES -->\r\n<script id=\"escala-form-a50e3fd5-ce88-44ae-b819-ed8afa4c4e69-ran000\" data-version=\"0.1.0\">\r\nwindow[\"escala-form-a50e3fd5-ce88-44ae-b819-ed8afa4c4e69-ran000\"] = {\r\ne: \"page\",\r\nf: \"a50e3fd5-ce88-44ae-b819-ed8afa4c4e69\",\r\nl: \"es\",\r\nr: \"ran000\"\r\n};\r\n\r\nfunction escInitFormImpl(opts) {\r\n(function () {\r\nvar eventMethod = window.addEventListener ? \"addEventListener\" : \"attachEvent\";\r\nvar eventer = window[eventMethod];\r\nvar messageEvent = eventMethod === \"attachEvent\" ? \"onmessage\" : \"message\";\r\neventer(messageEvent, function (e) {\r\nif (e.data.origin === \"escalaForm\") {\r\nif (e.data.eventName === \"init\" && e.data.height) {\r\nconst iframe = document.querySelector(\"[escala-element-form=\\\"escala-form-\" + e.data.instance + \"\\\"]\");\r\nif (iframe) iframe.height = e.data.height;\r\n}\r\n}\r\n});\r\n\r\nvar iframeId = \"escala-iframe-{f}-{l}-{r}\".replace(\"{f}\", opts.f).replace(\"{l}\", opts.l).replace(\"{r}\", opts.r);\r\nvar iframeElem = document.getElementById(iframeId);\r\nif (iframeElem) iframeElem.remove();\r\niframeElem = document.createElement(\"iframe\");\r\n\r\nvar host = btoa(JSON.stringify({ loc: location.href, title: encodeURIComponent(document.title), ref: document.referrer }));\r\nvar instance = (opts.f + \"-\" + opts.r + \"-\" + (Math.random())).replace(\".\", \"-\");\r\nvar params = \"form=\" + opts.f + \"&lang=\" + opts.l + \"&instance=\" + instance + \"&host=\" + host + \"&v=\" + (Math.random());\r\n\r\niframeElem.setAttribute(\"src\", \"https:\/\/escalapages.com\/plugins\/forms\/embed.html?\" + params);\r\niframeElem.setAttribute(\"scrolling\", \"no\");\r\niframeElem.width = \"100%\";\r\niframeElem.setAttribute(\"escala-element-form\", \"escala-form-\" + instance);\r\niframeElem.setAttribute(\"id\", iframeId);\r\n\r\nvar scriptElem = document.getElementById(\"escala-form-\" + opts.f + \"-\" + opts.r);\r\nif (scriptElem.parentElement) {\r\nscriptElem.parentElement.appendChild(iframeElem);\r\n}\r\n})();\r\n}\r\n\r\nfunction escInitForm() {\r\nvar opts = window[\"escala-form-a50e3fd5-ce88-44ae-b819-ed8afa4c4e69-ran000\"];\r\nescInitFormImpl(opts);\r\n}\r\n\r\nif (window.addEventListener)\r\nwindow.addEventListener(\"load\", escInitForm, false);\r\nelse if (window.attachEvent)\r\nwindow.attachEvent(\"onload\", escInitForm);\r\nelse\r\nwindow.onload = escInitForm;\r\n<\/script>\r\n\r\n<div class=\"privacy\">\r\n<a href=\"https:\/\/agenciaviiza.com\/?page_id=1544\" target=\"_blank\">\r\nBy quoting you accept our privacy policies\r\n<\/a>\r\n<\/div>\r\n<\/div>\r\n\r\n<style>\r\n.cotizador-container {\r\nmax-width: 480px;\r\nmargin: 0 auto;\r\nbackground-color: #ffffff;\r\npadding: 30px 20px;\r\nborder-radius: 12px;\r\nbox-shadow: 0 0 20px rgba(0, 0, 0, 0.08);\r\nfont-family: 'Helvetica Neue', sans-serif;\r\n}\r\n\r\n.cotizador-header {\r\ntext-align: center;\r\nmargin-bottom: 25px;\r\n}\r\n\r\n.cotizador-header img {\r\nwidth: 100px;\r\nmargin-bottom: 10px;\r\n}\r\n\r\n.cotizador-header .tagline {\r\nfont-size: 18px;\r\nfont-weight: bold;\r\ncolor: #374151;\r\ntext-transform: uppercase;\r\nletter-spacing: 1px;\r\n}\r\n\r\n.privacy {\r\ntext-align: center;\r\nfont-size: 12px;\r\ncolor: #6b7280;\r\nmargin-top: 20px;\r\n}\r\n\r\n.privacy a {\r\ncolor: #2563eb;\r\ntext-decoration: none;\r\n}\r\n\r\n.privacy a:hover {\r\ntext-decoration: underline;\r\n}\r\n<\/style>\r\n\t\t\t\t<\/div>\n\t\t\t\t<\/div>\n\t\t\t\t\t<\/div>\n\t\t<\/div>\n\t\t\t\t\t<\/div>\n\t\t<\/section>\n\t\t\t\t<section class=\"elementor-section elementor-inner-section elementor-element elementor-element-3ac68c2a elementor-section-boxed elementor-section-height-default elementor-section-height-default\" data-id=\"3ac68c2a\" data-element_type=\"section\" data-e-type=\"section\">\n\t\t\t\t\t\t<div class=\"elementor-container elementor-column-gap-default\">\n\t\t\t\t\t<div class=\"elementor-column elementor-col-100 elementor-inner-column elementor-element elementor-element-3c617bf6\" data-id=\"3c617bf6\" data-element_type=\"column\" data-e-type=\"column\">\n\t\t\t<div class=\"elementor-widget-wrap elementor-element-populated\">\n\t\t\t\t\t\t<div class=\"elementor-element elementor-element-710a34c0 elementor-widget elementor-widget-html\" data-id=\"710a34c0\" data-element_type=\"widget\" data-e-type=\"widget\" data-widget_type=\"html.default\">\n\t\t\t\t<div class=\"elementor-widget-container\">\n\t\t\t\t\t<!-- Bot\u00f3n est\u00e1tico de WhatsApp centrado -->\r\n<div style=\"text-align: center;\">\r\n  <div id=\"whatsapp-button\">\r\n    <a href=\"https:\/\/wa.link\/541cv0\" target=\"_blank\">\r\n      <div class=\"whatsapp-content\">\r\n        <span>Contact an advisor<\/span>\r\n        <img decoding=\"async\" src=\"https:\/\/nutriflex.life\/wp-content\/uploads\/2025\/01\/Digital_Glyph_White.png\" alt=\"WhatsApp Logo\">\r\n      <\/div>\r\n    <\/a>\r\n  <\/div>\r\n<\/div>\r\n\r\n<style>\r\n  #whatsapp-button {\r\n    display: inline-flex;\r\n    align-items: center;\r\n    justify-content: center;\r\n    background-color: #25D366;\r\n    border-radius: 50px;\r\n    padding: 10px 20px;\r\n    box-shadow: 0px 4px 6px rgba(0, 0, 0, 0.1);\r\n    transition: transform 0.3s ease, box-shadow 0.3s ease;\r\n  }\r\n\r\n  #whatsapp-button:hover {\r\n    transform: scale(1.05);\r\n    box-shadow: 0px 6px 10px rgba(0, 0, 0, 0.15);\r\n  }\r\n\r\n  #whatsapp-button a {\r\n    text-decoration: none;\r\n    color: white;\r\n    display: flex;\r\n    align-items: center;\r\n  }\r\n\r\n  #whatsapp-button .whatsapp-content {\r\n    display: flex;\r\n    align-items: center;\r\n  }\r\n\r\n  #whatsapp-button span {\r\n    font-family: Arial, sans-serif;\r\n    font-size: 14px;\r\n    font-weight: bold;\r\n    margin-right: 10px;\r\n    color: white;\r\n  }\r\n\r\n  #whatsapp-button img {\r\n    width: 30px;\r\n    height: 30px;\r\n    border-radius: 50%;\r\n    object-fit: cover;\r\n  }\r\n<\/style>\r\n\t\t\t\t<\/div>\n\t\t\t\t<\/div>\n\t\t\t\t<div class=\"elementor-element elementor-element-66c52be0 elementor-widget elementor-widget-google_maps\" data-id=\"66c52be0\" data-element_type=\"widget\" data-e-type=\"widget\" data-widget_type=\"google_maps.default\">\n\t\t\t\t<div class=\"elementor-widget-container\">\n\t\t\t\t\t\t\t<div class=\"elementor-custom-embed\">\n\t\t\t<iframe loading=\"lazy\"\n\t\t\t\t\tsrc=\"https:\/\/maps.google.com\/maps?q=VIAZI&#038;t=m&#038;z=10&#038;output=embed&#038;iwloc=near\"\n\t\t\t\t\ttitle=\"VIAZI\"\n\t\t\t\t\taria-label=\"VIAZI\"\n\t\t\t><\/iframe>\n\t\t<\/div>\n\t\t\t\t\t\t<\/div>\n\t\t\t\t<\/div>\n\t\t\t\t\t<\/div>\n\t\t<\/div>\n\t\t\t\t\t<\/div>\n\t\t<\/section>\n\t\t\t\t\t<\/div>\n\t\t<\/div>\n\t\t\t\t\t<\/div>\n\t\t<\/section>\n\t\t\t\t<\/div>","protected":false},"excerpt":{"rendered":"<p>ESTUDIA EN ESTADOS UNIDOS \u00a1TtU PR\u00d3XIMO VIAJE COMIENZA AQU\u00cd \u00a1TtU PR\u00d3XIMO VIAJE COMIENZA AQU\u00cd Estados Unidos es el destino ideal si sue\u00f1as con una formaci\u00f3n acad\u00e9mica de alto nivel, rodeado de innovaci\u00f3n, diversidad y oportunidades.Te ayudamos a elegir la mejor opci\u00f3n, prepararte y asegurarte de que tu experiencia comience sin complicaciones.<\/p>","protected":false},"author":1,"featured_media":0,"parent":0,"menu_order":0,"comment_status":"closed","ping_status":"closed","template":"elementor_header_footer","meta":{"footnotes":""},"class_list":["post-4597","page","type-page","status-publish","hentry"],"_links":{"self":[{"href":"https:\/\/agenciaviazi.com\/en\/wp-json\/wp\/v2\/pages\/4597","targetHints":{"allow":["GET"]}}],"collection":[{"href":"https:\/\/agenciaviazi.com\/en\/wp-json\/wp\/v2\/pages"}],"about":[{"href":"https:\/\/agenciaviazi.com\/en\/wp-json\/wp\/v2\/types\/page"}],"author":[{"embeddable":true,"href":"https:\/\/agenciaviazi.com\/en\/wp-json\/wp\/v2\/users\/1"}],"replies":[{"embeddable":true,"href":"https:\/\/agenciaviazi.com\/en\/wp-json\/wp\/v2\/comments?post=4597"}],"version-history":[{"count":7,"href":"https:\/\/agenciaviazi.com\/en\/wp-json\/wp\/v2\/pages\/4597\/revisions"}],"predecessor-version":[{"id":4770,"href":"https:\/\/agenciaviazi.com\/en\/wp-json\/wp\/v2\/pages\/4597\/revisions\/4770"}],"wp:attachment":[{"href":"https:\/\/agenciaviazi.com\/en\/wp-json\/wp\/v2\/media?parent=4597"}],"curies":[{"name":"wp","href":"https:\/\/api.w.org\/{rel}","templated":true}]}}