{"id":3810,"date":"2025-05-05T17:09:38","date_gmt":"2025-05-05T15:09:38","guid":{"rendered":"https:\/\/agenciaviazi.com\/?page_id=3810"},"modified":"2025-06-02T21:30:15","modified_gmt":"2025-06-02T19:30:15","slug":"asesoria-turistica-schengen","status":"publish","type":"page","link":"https:\/\/agenciaviazi.com\/en\/asesoria-turistica-schengen\/","title":{"rendered":"Asesor\u00eda tur\u00edstica Schengen"},"content":{"rendered":"<div data-elementor-type=\"wp-page\" data-elementor-id=\"3810\" class=\"elementor elementor-3810\" data-elementor-post-type=\"page\">\n\t\t\t\t\t\t<section class=\"elementor-section elementor-top-section elementor-element elementor-element-618e339b elementor-section-boxed elementor-section-height-default elementor-section-height-default\" data-id=\"618e339b\" data-element_type=\"section\" data-e-type=\"section\" data-settings=\"{&quot;background_background&quot;:&quot;classic&quot;}\">\n\t\t\t\t\t\t\t<div class=\"elementor-background-overlay\"><\/div>\n\t\t\t\t\t\t\t<div class=\"elementor-container elementor-column-gap-no\">\n\t\t\t\t\t<div class=\"elementor-column elementor-col-100 elementor-top-column elementor-element elementor-element-7962e7f0\" data-id=\"7962e7f0\" data-element_type=\"column\" data-e-type=\"column\">\n\t\t\t<div class=\"elementor-widget-wrap\">\n\t\t\t\t\t\t\t<\/div>\n\t\t<\/div>\n\t\t\t\t\t<\/div>\n\t\t<\/section>\n\t\t\t\t<section class=\"elementor-section elementor-top-section elementor-element elementor-element-44dc33c6 elementor-section-boxed elementor-section-height-default elementor-section-height-default\" data-id=\"44dc33c6\" data-element_type=\"section\" data-e-type=\"section\">\n\t\t\t\t\t\t<div class=\"elementor-container elementor-column-gap-no\">\n\t\t\t\t\t<div class=\"elementor-column elementor-col-50 elementor-top-column elementor-element elementor-element-1d06ca8b\" data-id=\"1d06ca8b\" data-element_type=\"column\" data-e-type=\"column\">\n\t\t\t<div class=\"elementor-widget-wrap elementor-element-populated\">\n\t\t\t\t\t\t<section class=\"elementor-section elementor-inner-section elementor-element elementor-element-224dacdc elementor-section-boxed elementor-section-height-default elementor-section-height-default\" data-id=\"224dacdc\" data-element_type=\"section\" data-e-type=\"section\">\n\t\t\t\t\t\t<div class=\"elementor-container elementor-column-gap-no\">\n\t\t\t\t\t<div class=\"elementor-column elementor-col-100 elementor-inner-column elementor-element elementor-element-3d9b789\" data-id=\"3d9b789\" data-element_type=\"column\" data-e-type=\"column\">\n\t\t\t<div class=\"elementor-widget-wrap elementor-element-populated\">\n\t\t\t\t\t\t<div class=\"elementor-element elementor-element-ea37780 elementor-widget elementor-widget-heading\" data-id=\"ea37780\" data-element_type=\"widget\" data-e-type=\"widget\" data-widget_type=\"heading.default\">\n\t\t\t\t<div class=\"elementor-widget-container\">\n\t\t\t\t\t<h2 class=\"elementor-heading-title elementor-size-default\">SCHENGEN TOURIST CONSULTING<\/h2>\t\t\t\t<\/div>\n\t\t\t\t<\/div>\n\t\t\t\t<div class=\"elementor-element elementor-element-56c80b81 elementor-widget elementor-widget-image\" data-id=\"56c80b81\" data-element_type=\"widget\" data-e-type=\"widget\" data-widget_type=\"image.default\">\n\t\t\t\t<div class=\"elementor-widget-container\">\n\t\t\t\t\t\t\t\t\t\t\t\t\t\t\t<img fetchpriority=\"high\" decoding=\"async\" width=\"800\" height=\"533\" src=\"https:\/\/agenciaviazi.com\/wp-content\/uploads\/2025\/05\/tourist-contemplating-paris-1024x682.jpg\" class=\"attachment-large size-large wp-image-3920\" alt=\"Tourist contemplating Paris\" srcset=\"https:\/\/agenciaviazi.com\/wp-content\/uploads\/2025\/05\/tourist-contemplating-paris-1024x682.jpg 1024w, https:\/\/agenciaviazi.com\/wp-content\/uploads\/2025\/05\/tourist-contemplating-paris-300x200.jpg 300w, https:\/\/agenciaviazi.com\/wp-content\/uploads\/2025\/05\/tourist-contemplating-paris-768x512.jpg 768w, https:\/\/agenciaviazi.com\/wp-content\/uploads\/2025\/05\/tourist-contemplating-paris-1536x1024.jpg 1536w, https:\/\/agenciaviazi.com\/wp-content\/uploads\/2025\/05\/tourist-contemplating-paris-600x400.jpg 600w, https:\/\/agenciaviazi.com\/wp-content\/uploads\/2025\/05\/tourist-contemplating-paris.jpg 2000w\" sizes=\"(max-width: 800px) 100vw, 800px\" \/>\t\t\t\t\t\t\t\t\t\t\t\t\t\t\t<\/div>\n\t\t\t\t<\/div>\n\t\t\t\t<div class=\"elementor-element elementor-element-35a85a2 elementor-tabs-view-horizontal elementor-widget elementor-widget-tabs\" data-id=\"35a85a2\" data-element_type=\"widget\" data-e-type=\"widget\" data-widget_type=\"tabs.default\">\n\t\t\t\t<div class=\"elementor-widget-container\">\n\t\t\t\t\t\t\t<div class=\"elementor-tabs\">\n\t\t\t<div class=\"elementor-tabs-wrapper\" role=\"tablist\" >\n\t\t\t\t\t\t\t\t\t<div id=\"elementor-tab-title-5621\" class=\"elementor-tab-title elementor-tab-desktop-title\" aria-selected=\"true\" data-tab=\"1\" role=\"tab\" tabindex=\"0\" aria-controls=\"elementor-tab-content-5621\" aria-expanded=\"false\">Tu viaje por Europa comienza aqu\u00ed.<\/div>\n\t\t\t\t\t\t\t<\/div>\n\t\t\t<div class=\"elementor-tabs-content-wrapper\" role=\"tablist\" aria-orientation=\"vertical\">\n\t\t\t\t\t\t\t\t\t<div class=\"elementor-tab-title elementor-tab-mobile-title\" aria-selected=\"true\" data-tab=\"1\" role=\"tab\" tabindex=\"0\" aria-controls=\"elementor-tab-content-5621\" aria-expanded=\"false\">Tu viaje por Europa comienza aqu\u00ed.<\/div>\n\t\t\t\t\t<div id=\"elementor-tab-content-5621\" class=\"elementor-tab-content elementor-clearfix\" data-tab=\"1\" role=\"tabpanel\" aria-labelledby=\"elementor-tab-title-5621\" tabindex=\"0\" hidden=\"false\"><p>Have you ever dreamed of strolling the streets of Paris, discovering the history of Rome, or getting lost in the canals of Amsterdam? The Schengen Area opens the doors to the most fascinating destinations on the European continent, and at Viazi Travel Agency, we're here to help you make it a reality. We'll guide you step by step so you don't have to worry about paperwork, just about choosing which city to visit first. Because traveling is more than just moving from one place to another... it's transforming your life.<\/p><\/div>\n\t\t\t\t\t\t\t<\/div>\n\t\t<\/div>\n\t\t\t\t\t\t<\/div>\n\t\t\t\t<\/div>\n\t\t\t\t\t<\/div>\n\t\t<\/div>\n\t\t\t\t\t<\/div>\n\t\t<\/section>\n\t\t\t\t\t<\/div>\n\t\t<\/div>\n\t\t\t\t<div class=\"elementor-column elementor-col-50 elementor-top-column elementor-element elementor-element-78d2bba7\" data-id=\"78d2bba7\" data-element_type=\"column\" data-e-type=\"column\">\n\t\t\t<div class=\"elementor-widget-wrap elementor-element-populated\">\n\t\t\t\t\t\t<section class=\"elementor-section elementor-inner-section elementor-element elementor-element-620c8819 elementor-section-boxed elementor-section-height-default elementor-section-height-default\" data-id=\"620c8819\" data-element_type=\"section\" data-e-type=\"section\" data-settings=\"{&quot;background_background&quot;:&quot;classic&quot;}\">\n\t\t\t\t\t\t<div class=\"elementor-container elementor-column-gap-no\">\n\t\t\t\t\t<div class=\"elementor-column elementor-col-100 elementor-inner-column elementor-element elementor-element-f6e0445\" data-id=\"f6e0445\" data-element_type=\"column\" data-e-type=\"column\">\n\t\t\t<div class=\"elementor-widget-wrap\">\n\t\t\t\t\t\t\t<\/div>\n\t\t<\/div>\n\t\t\t\t\t<\/div>\n\t\t<\/section>\n\t\t\t\t<section class=\"elementor-section elementor-inner-section elementor-element elementor-element-6ac9143c elementor-section-boxed elementor-section-height-default elementor-section-height-default\" data-id=\"6ac9143c\" data-element_type=\"section\" data-e-type=\"section\">\n\t\t\t\t\t\t<div class=\"elementor-container elementor-column-gap-default\">\n\t\t\t\t\t<div class=\"elementor-column elementor-col-100 elementor-inner-column elementor-element elementor-element-3be440f\" data-id=\"3be440f\" data-element_type=\"column\" data-e-type=\"column\">\n\t\t\t<div class=\"elementor-widget-wrap elementor-element-populated\">\n\t\t\t\t\t\t<div class=\"elementor-element elementor-element-a8b0903 elementor-widget elementor-widget-html\" data-id=\"a8b0903\" data-element_type=\"widget\" data-e-type=\"widget\" data-widget_type=\"html.default\">\n\t\t\t\t<div class=\"elementor-widget-container\">\n\t\t\t\t\t<div class=\"cotizador-container\">\r\n  <div class=\"cotizador-header\">\r\n    <img src=\"https:\/\/agenciaviazi.com\/wp-content\/uploads\/2025\/05\/logo-transparente-principal.png\"\" alt=\"Logo Viiza\">\r\n    <p class=\"tagline\">Immigration Procedures<\/p>\r\n  <\/div>\r\n\r\n  <!-- SCRIPT ESCALA PARA TR\u00c1MITES -->\r\n  <script id=\"escala-form-a50e3fd5-ce88-44ae-b819-ed8afa4c4e69-ran000\" data-version=\"0.1.0\">\r\n    window[\"escala-form-a50e3fd5-ce88-44ae-b819-ed8afa4c4e69-ran000\"] = {\r\n      e: \"page\",\r\n      f: \"a50e3fd5-ce88-44ae-b819-ed8afa4c4e69\",\r\n      l: \"es\",\r\n      r: \"ran000\"\r\n    };\r\n\r\n    function escInitFormImpl(opts) {\r\n      (function () {\r\n        var eventMethod = window.addEventListener ? \"addEventListener\" : \"attachEvent\";\r\n        var eventer = window[eventMethod];\r\n        var messageEvent = eventMethod === \"attachEvent\" ? \"onmessage\" : \"message\";\r\n        eventer(messageEvent, function (e) {\r\n          if (e.data.origin === \"escalaForm\") {\r\n            if (e.data.eventName === \"init\" && e.data.height) {\r\n              const iframe = document.querySelector(\"[escala-element-form=\\\"escala-form-\" + e.data.instance + \"\\\"]\");\r\n              if (iframe) iframe.height = e.data.height;\r\n            }\r\n          }\r\n        });\r\n\r\n        var iframeId = \"escala-iframe-{f}-{l}-{r}\".replace(\"{f}\", opts.f).replace(\"{l}\", opts.l).replace(\"{r}\", opts.r);\r\n        var iframeElem = document.getElementById(iframeId);\r\n        if (iframeElem) iframeElem.remove();\r\n        iframeElem = document.createElement(\"iframe\");\r\n\r\n        var host = btoa(JSON.stringify({ loc: location.href, title: encodeURIComponent(document.title), ref: document.referrer }));\r\n        var instance = (opts.f + \"-\" + opts.r + \"-\" + (Math.random())).replace(\".\", \"-\");\r\n        var params = \"form=\" + opts.f + \"&lang=\" + opts.l + \"&instance=\" + instance + \"&host=\" + host + \"&v=\" + (Math.random());\r\n\r\n        iframeElem.setAttribute(\"src\", \"https:\/\/escalapages.com\/plugins\/forms\/embed.html?\" + params);\r\n        iframeElem.setAttribute(\"scrolling\", \"no\");\r\n        iframeElem.width = \"100%\";\r\n        iframeElem.setAttribute(\"escala-element-form\", \"escala-form-\" + instance);\r\n        iframeElem.setAttribute(\"id\", iframeId);\r\n\r\n        var scriptElem = document.getElementById(\"escala-form-\" + opts.f + \"-\" + opts.r);\r\n        if (scriptElem.parentElement) {\r\n          scriptElem.parentElement.appendChild(iframeElem);\r\n        }\r\n      })();\r\n    }\r\n\r\n    function escInitForm() {\r\n      var opts = window[\"escala-form-a50e3fd5-ce88-44ae-b819-ed8afa4c4e69-ran000\"];\r\n      escInitFormImpl(opts);\r\n    }\r\n\r\n    if (window.addEventListener)\r\n      window.addEventListener(\"load\", escInitForm, false);\r\n    else if (window.attachEvent)\r\n      window.attachEvent(\"onload\", escInitForm);\r\n    else\r\n      window.onload = escInitForm;\r\n  <\/script>\r\n\r\n  <div class=\"privacy\">\r\n    <a href=\"https:\/\/agenciaviiza.com\/?page_id=1544\" target=\"_blank\">\r\n      By quoting you accept our privacy policies\r\n    <\/a>\r\n  <\/div>\r\n<\/div>\r\n\r\n<style>\r\n  .cotizador-container {\r\n    max-width: 480px;\r\n    margin: 0 auto;\r\n    background-color: #ffffff;\r\n    padding: 30px 20px;\r\n    border-radius: 12px;\r\n    box-shadow: 0 0 20px rgba(0, 0, 0, 0.08);\r\n    font-family: 'Helvetica Neue', sans-serif;\r\n  }\r\n\r\n  .cotizador-header {\r\n    text-align: center;\r\n    margin-bottom: 25px;\r\n  }\r\n\r\n  .cotizador-header img {\r\n    width: 100px;\r\n    margin-bottom: 10px;\r\n  }\r\n\r\n  .cotizador-header .tagline {\r\n    font-size: 18px;\r\n    font-weight: bold;\r\n    color: #374151;\r\n    text-transform: uppercase;\r\n    letter-spacing: 1px;\r\n  }\r\n\r\n  .privacy {\r\n    text-align: center;\r\n    font-size: 12px;\r\n    color: #6b7280;\r\n    margin-top: 20px;\r\n  }\r\n\r\n  .privacy a {\r\n    color: #2563eb;\r\n    text-decoration: none;\r\n  }\r\n\r\n  .privacy a:hover {\r\n    text-decoration: underline;\r\n  }\r\n<\/style>\r\n\t\t\t\t<\/div>\n\t\t\t\t<\/div>\n\t\t\t\t\t<\/div>\n\t\t<\/div>\n\t\t\t\t\t<\/div>\n\t\t<\/section>\n\t\t\t\t<section class=\"elementor-section elementor-inner-section elementor-element elementor-element-72ac6b46 elementor-section-boxed elementor-section-height-default elementor-section-height-default\" data-id=\"72ac6b46\" data-element_type=\"section\" data-e-type=\"section\">\n\t\t\t\t\t\t<div class=\"elementor-container elementor-column-gap-default\">\n\t\t\t\t\t<div class=\"elementor-column elementor-col-100 elementor-inner-column elementor-element elementor-element-3b27f304\" data-id=\"3b27f304\" data-element_type=\"column\" data-e-type=\"column\">\n\t\t\t<div class=\"elementor-widget-wrap elementor-element-populated\">\n\t\t\t\t\t\t<div class=\"elementor-element elementor-element-cfde44e elementor-widget elementor-widget-html\" data-id=\"cfde44e\" data-element_type=\"widget\" data-e-type=\"widget\" data-widget_type=\"html.default\">\n\t\t\t\t<div class=\"elementor-widget-container\">\n\t\t\t\t\t<!-- Bot\u00f3n est\u00e1tico de WhatsApp centrado -->\r\n<div style=\"text-align: center;\">\r\n  <div id=\"whatsapp-button\">\r\n    <a href=\"https:\/\/wa.link\/541cv0\" target=\"_blank\">\r\n      <div class=\"whatsapp-content\">\r\n        <span>Contact an advisor<\/span>\r\n        <img decoding=\"async\" src=\"https:\/\/nutriflex.life\/wp-content\/uploads\/2025\/01\/Digital_Glyph_White.png\" alt=\"WhatsApp Logo\">\r\n      <\/div>\r\n    <\/a>\r\n  <\/div>\r\n<\/div>\r\n\r\n<style>\r\n  #whatsapp-button {\r\n    display: inline-flex;\r\n    align-items: center;\r\n    justify-content: center;\r\n    background-color: #25D366;\r\n    border-radius: 50px;\r\n    padding: 10px 20px;\r\n    box-shadow: 0px 4px 6px rgba(0, 0, 0, 0.1);\r\n    transition: transform 0.3s ease, box-shadow 0.3s ease;\r\n  }\r\n\r\n  #whatsapp-button:hover {\r\n    transform: scale(1.05);\r\n    box-shadow: 0px 6px 10px rgba(0, 0, 0, 0.15);\r\n  }\r\n\r\n  #whatsapp-button a {\r\n    text-decoration: none;\r\n    color: white;\r\n    display: flex;\r\n    align-items: center;\r\n  }\r\n\r\n  #whatsapp-button .whatsapp-content {\r\n    display: flex;\r\n    align-items: center;\r\n  }\r\n\r\n  #whatsapp-button span {\r\n    font-family: Arial, sans-serif;\r\n    font-size: 14px;\r\n    font-weight: bold;\r\n    margin-right: 10px;\r\n    color: white;\r\n  }\r\n\r\n  #whatsapp-button img {\r\n    width: 30px;\r\n    height: 30px;\r\n    border-radius: 50%;\r\n    object-fit: cover;\r\n  }\r\n<\/style>\r\n\t\t\t\t<\/div>\n\t\t\t\t<\/div>\n\t\t\t\t<div class=\"elementor-element elementor-element-6d1a463 elementor-widget elementor-widget-google_maps\" data-id=\"6d1a463\" data-element_type=\"widget\" data-e-type=\"widget\" data-widget_type=\"google_maps.default\">\n\t\t\t\t<div class=\"elementor-widget-container\">\n\t\t\t\t\t\t\t<div class=\"elementor-custom-embed\">\n\t\t\t<iframe loading=\"lazy\"\n\t\t\t\t\tsrc=\"https:\/\/maps.google.com\/maps?q=VIAZI&#038;t=m&#038;z=10&#038;output=embed&#038;iwloc=near\"\n\t\t\t\t\ttitle=\"VIAZI\"\n\t\t\t\t\taria-label=\"VIAZI\"\n\t\t\t><\/iframe>\n\t\t<\/div>\n\t\t\t\t\t\t<\/div>\n\t\t\t\t<\/div>\n\t\t\t\t\t<\/div>\n\t\t<\/div>\n\t\t\t\t\t<\/div>\n\t\t<\/section>\n\t\t\t\t\t<\/div>\n\t\t<\/div>\n\t\t\t\t\t<\/div>\n\t\t<\/section>\n\t\t\t\t<\/div>","protected":false},"excerpt":{"rendered":"<p>ASESOR\u00cdAS TUR\u00cdSTICAS SCHENGEN Tu viaje por Europa comienza aqu\u00ed. Tu viaje por Europa comienza aqu\u00ed. \u00bfAlguna vez so\u00f1aste con caminar por las calles de Par\u00eds, descubrir la historia de Roma o perderte en los canales de \u00c1msterdam? El espacio Schengen te abre las puertas a los destinos m\u00e1s fascinantes del continente europeo, y en Viazi [&hellip;]<\/p>","protected":false},"author":1,"featured_media":0,"parent":0,"menu_order":0,"comment_status":"closed","ping_status":"closed","template":"elementor_header_footer","meta":{"footnotes":""},"class_list":["post-3810","page","type-page","status-publish","hentry"],"_links":{"self":[{"href":"https:\/\/agenciaviazi.com\/en\/wp-json\/wp\/v2\/pages\/3810","targetHints":{"allow":["GET"]}}],"collection":[{"href":"https:\/\/agenciaviazi.com\/en\/wp-json\/wp\/v2\/pages"}],"about":[{"href":"https:\/\/agenciaviazi.com\/en\/wp-json\/wp\/v2\/types\/page"}],"author":[{"embeddable":true,"href":"https:\/\/agenciaviazi.com\/en\/wp-json\/wp\/v2\/users\/1"}],"replies":[{"embeddable":true,"href":"https:\/\/agenciaviazi.com\/en\/wp-json\/wp\/v2\/comments?post=3810"}],"version-history":[{"count":47,"href":"https:\/\/agenciaviazi.com\/en\/wp-json\/wp\/v2\/pages\/3810\/revisions"}],"predecessor-version":[{"id":4652,"href":"https:\/\/agenciaviazi.com\/en\/wp-json\/wp\/v2\/pages\/3810\/revisions\/4652"}],"wp:attachment":[{"href":"https:\/\/agenciaviazi.com\/en\/wp-json\/wp\/v2\/media?parent=3810"}],"curies":[{"name":"wp","href":"https:\/\/api.w.org\/{rel}","templated":true}]}}