{"id":21,"date":"2023-09-30T18:22:51","date_gmt":"2023-09-30T16:22:51","guid":{"rendered":"https:\/\/agenciaviiza.com\/?page_id=21"},"modified":"2026-03-18T23:46:28","modified_gmt":"2026-03-18T22:46:28","slug":"contacto","status":"publish","type":"page","link":"https:\/\/agenciaviazi.com\/en\/contacto\/","title":{"rendered":"Contact us"},"content":{"rendered":"<div data-elementor-type=\"wp-page\" data-elementor-id=\"21\" class=\"elementor elementor-21\" data-elementor-post-type=\"page\">\n\t\t\t\t\t\t<section class=\"elementor-section elementor-top-section elementor-element elementor-element-1f8048ae elementor-section-boxed elementor-section-height-default elementor-section-height-default\" data-id=\"1f8048ae\" data-element_type=\"section\" data-e-type=\"section\" data-settings=\"{&quot;background_background&quot;:&quot;classic&quot;}\">\n\t\t\t\t\t\t\t<div class=\"elementor-background-overlay\"><\/div>\n\t\t\t\t\t\t\t<div class=\"elementor-container elementor-column-gap-no\">\n\t\t\t\t\t<div class=\"elementor-column elementor-col-100 elementor-top-column elementor-element elementor-element-480760f9\" data-id=\"480760f9\" data-element_type=\"column\" data-e-type=\"column\">\n\t\t\t<div class=\"elementor-widget-wrap elementor-element-populated\">\n\t\t\t\t\t\t\t<\/div>\n\t\t<\/div>\n\t\t\t\t\t<\/div>\n\t\t<\/section>\n\t\t\t\t<section class=\"elementor-section elementor-top-section elementor-element elementor-element-8772eb elementor-section-boxed elementor-section-height-default elementor-section-height-default\" data-id=\"8772eb\" data-element_type=\"section\" data-e-type=\"section\">\n\t\t\t\t\t\t<div class=\"elementor-container elementor-column-gap-no\">\n\t\t\t\t\t<div class=\"elementor-column elementor-col-50 elementor-top-column elementor-element elementor-element-34c6f728\" data-id=\"34c6f728\" data-element_type=\"column\" data-e-type=\"column\">\n\t\t\t<div class=\"elementor-widget-wrap elementor-element-populated\">\n\t\t\t\t\t\t<div class=\"elementor-element elementor-element-25b5aa58 elementor-widget__width-auto elementor-widget-divider--view-line elementor-widget elementor-widget-divider\" data-id=\"25b5aa58\" data-element_type=\"widget\" data-e-type=\"widget\" data-widget_type=\"divider.default\">\n\t\t\t\t<div class=\"elementor-widget-container\">\n\t\t\t\t\t\t\t<div class=\"elementor-divider\">\n\t\t\t<span class=\"elementor-divider-separator\">\n\t\t\t\t\t\t<\/span>\n\t\t<\/div>\n\t\t\t\t\t\t<\/div>\n\t\t\t\t<\/div>\n\t\t\t\t<div class=\"elementor-element elementor-element-4805e6f9 elementor-widget__width-auto elementor-widget elementor-widget-heading\" data-id=\"4805e6f9\" data-element_type=\"widget\" data-e-type=\"widget\" data-widget_type=\"heading.default\">\n\t\t\t\t<div class=\"elementor-widget-container\">\n\t\t\t\t\t<h6 class=\"elementor-heading-title elementor-size-default\">CONTACT BRIDGE<\/h6>\t\t\t\t<\/div>\n\t\t\t\t<\/div>\n\t\t\t\t<div class=\"elementor-element elementor-element-50d12366 elementor-widget elementor-widget-heading\" data-id=\"50d12366\" data-element_type=\"widget\" data-e-type=\"widget\" data-widget_type=\"heading.default\">\n\t\t\t\t<div class=\"elementor-widget-container\">\n\t\t\t\t\t<h2 class=\"elementor-heading-title elementor-size-default\"><a href=\"https:\/\/wa.link\/qd1ofc\" target=\"_blank\">OUR EXECUTIVES AWAIT YOUR MESSAGE<\/a><\/h2>\t\t\t\t<\/div>\n\t\t\t\t<\/div>\n\t\t\t\t\t<\/div>\n\t\t<\/div>\n\t\t\t\t<div class=\"elementor-column elementor-col-50 elementor-top-column elementor-element elementor-element-7dda93cb\" data-id=\"7dda93cb\" data-element_type=\"column\" data-e-type=\"column\">\n\t\t\t<div class=\"elementor-widget-wrap elementor-element-populated\">\n\t\t\t\t\t\t<div class=\"elementor-element elementor-element-2ede2628 elementor-widget elementor-widget-heading\" data-id=\"2ede2628\" data-element_type=\"widget\" data-e-type=\"widget\" data-widget_type=\"heading.default\">\n\t\t\t\t<div class=\"elementor-widget-container\">\n\t\t\t\t\t<h4 class=\"elementor-heading-title elementor-size-default\">Do you need personalized attention? Don't hesitate to contact us!<\/h4>\t\t\t\t<\/div>\n\t\t\t\t<\/div>\n\t\t\t\t<div class=\"elementor-element elementor-element-3026bd04 elementor-widget elementor-widget-text-editor\" data-id=\"3026bd04\" data-element_type=\"widget\" data-e-type=\"widget\" data-widget_type=\"text-editor.default\">\n\t\t\t\t<div class=\"elementor-widget-container\">\n\t\t\t\t\t\t\t\t\t<p>Our sales executives will provide you with all the information you need on how to begin your next adventure around the world.<\/p>\t\t\t\t\t\t\t\t<\/div>\n\t\t\t\t<\/div>\n\t\t\t\t<div class=\"elementor-element elementor-element-122b20c8 elementor-view-stacked elementor-shape-square elementor-position-inline-start elementor-mobile-position-block-start elementor-widget elementor-widget-icon-box\" data-id=\"122b20c8\" data-element_type=\"widget\" data-e-type=\"widget\" data-widget_type=\"icon-box.default\">\n\t\t\t\t<div class=\"elementor-widget-container\">\n\t\t\t\t\t\t\t<div class=\"elementor-icon-box-wrapper\">\n\n\t\t\t\t\t\t<div class=\"elementor-icon-box-icon\">\n\t\t\t\t<span  class=\"elementor-icon\">\n\t\t\t\t<i aria-hidden=\"true\" class=\"fas fa-map-signs\"><\/i>\t\t\t\t<\/span>\n\t\t\t<\/div>\n\t\t\t\n\t\t\t\t\t\t<div class=\"elementor-icon-box-content\">\n\n\t\t\t\t\t\t\t\t\t<h5 class=\"elementor-icon-box-title\">\n\t\t\t\t\t\t<span  >\n\t\t\t\t\t\t\tDirecci\u00f3n\t\t\t\t\t\t<\/span>\n\t\t\t\t\t<\/h5>\n\t\t\t\t\n\t\t\t\t\t\t\t\t\t<p class=\"elementor-icon-box-description\">\n\t\t\t\t\t\tRoyal Pacific, La Pinta E5-38 y, Quito 170522, Ecuador\t\t\t\t\t<\/p>\n\t\t\t\t\n\t\t\t<\/div>\n\t\t\t\n\t\t<\/div>\n\t\t\t\t\t\t<\/div>\n\t\t\t\t<\/div>\n\t\t\t\t<div class=\"elementor-element elementor-element-2701c3a7 elementor-view-stacked elementor-shape-square elementor-position-inline-start elementor-mobile-position-block-start elementor-widget elementor-widget-icon-box\" data-id=\"2701c3a7\" data-element_type=\"widget\" data-e-type=\"widget\" data-widget_type=\"icon-box.default\">\n\t\t\t\t<div class=\"elementor-widget-container\">\n\t\t\t\t\t\t\t<div class=\"elementor-icon-box-wrapper\">\n\n\t\t\t\t\t\t<div class=\"elementor-icon-box-icon\">\n\t\t\t\t<span  class=\"elementor-icon\">\n\t\t\t\t<i aria-hidden=\"true\" class=\"fas fa-envelope-open-text\"><\/i>\t\t\t\t<\/span>\n\t\t\t<\/div>\n\t\t\t\n\t\t\t\t\t\t<div class=\"elementor-icon-box-content\">\n\n\t\t\t\t\t\t\t\t\t<h5 class=\"elementor-icon-box-title\">\n\t\t\t\t\t\t<span  >\n\t\t\t\t\t\t\tMail\t\t\t\t\t\t<\/span>\n\t\t\t\t\t<\/h5>\n\t\t\t\t\n\t\t\t\t\t\t\t\t\t<p class=\"elementor-icon-box-description\">\n\t\t\t\t\t\tinfo@agenciaviazi.com\t\t\t\t\t<\/p>\n\t\t\t\t\n\t\t\t<\/div>\n\t\t\t\n\t\t<\/div>\n\t\t\t\t\t\t<\/div>\n\t\t\t\t<\/div>\n\t\t\t\t<div class=\"elementor-element elementor-element-3e316f1e elementor-view-stacked elementor-shape-square elementor-position-inline-start elementor-mobile-position-block-start elementor-widget elementor-widget-icon-box\" data-id=\"3e316f1e\" data-element_type=\"widget\" data-e-type=\"widget\" data-widget_type=\"icon-box.default\">\n\t\t\t\t<div class=\"elementor-widget-container\">\n\t\t\t\t\t\t\t<div class=\"elementor-icon-box-wrapper\">\n\n\t\t\t\t\t\t<div class=\"elementor-icon-box-icon\">\n\t\t\t\t<a href=\"https:\/\/wa.link\/cwk2j8\" target=\"_blank\" class=\"elementor-icon\" tabindex=\"-1\" aria-label=\"Phone\">\n\t\t\t\t<i aria-hidden=\"true\" class=\"fas fa-phone-volume\"><\/i>\t\t\t\t<\/a>\n\t\t\t<\/div>\n\t\t\t\n\t\t\t\t\t\t<div class=\"elementor-icon-box-content\">\n\n\t\t\t\t\t\t\t\t\t<h5 class=\"elementor-icon-box-title\">\n\t\t\t\t\t\t<a href=\"https:\/\/wa.link\/cwk2j8\" target=\"_blank\" >\n\t\t\t\t\t\t\tPhone\t\t\t\t\t\t<\/a>\n\t\t\t\t\t<\/h5>\n\t\t\t\t\n\t\t\t\t\t\t\t\t\t<p class=\"elementor-icon-box-description\">\n\t\t\t\t\t\t+593 98 058 0171\n\t\t\t\t\t<\/p>\n\t\t\t\t\n\t\t\t<\/div>\n\t\t\t\n\t\t<\/div>\n\t\t\t\t\t\t<\/div>\n\t\t\t\t<\/div>\n\t\t\t\t\t<\/div>\n\t\t<\/div>\n\t\t\t\t\t<\/div>\n\t\t<\/section>\n\t\t<div class=\"elementor-element elementor-element-914f06b e-flex e-con-boxed e-con e-parent\" data-id=\"914f06b\" data-element_type=\"container\" data-e-type=\"container\">\n\t\t\t\t\t<div class=\"e-con-inner\">\n\t\t\t\t<div class=\"elementor-element elementor-element-5928701 elementor-widget elementor-widget-shortcode\" data-id=\"5928701\" data-element_type=\"widget\" data-e-type=\"widget\" data-widget_type=\"shortcode.default\">\n\t\t\t\t<div class=\"elementor-widget-container\">\n\t\t\t\t\t\t\t<div class=\"elementor-shortcode\"><pre class=\"ti-widget\"><template id=\"trustindex-google-widget-html\"><div class=\"ti-widget  ti-goog ti-review-text-mode-readmore ti-text-align-left\" data-no-translation=\"true\" data-time-locale=\"%d %s ago|today|day|days|week|weeks|month|months|year|years\" data-plugin-version=\"13.2.7\" data-layout-id=\"15\" data-layout-category=\"slider\" data-set-id=\"ligth-border\" data-pid=\"\" data-language=\"en\" data-close-locale=\"Close\" data-review-target-width=\"300\" data-css-version=\"2\" data-reply-by-locale=\"Owner's reply\" data-only-rating-locale=\"This user only left a rating.\" data-pager-autoplay-timeout=\"6\"> <div class=\"ti-widget-container ti-col-3\"> <div class=\"ti-reviews-container\"> <div class=\"ti-controls\"> <div class=\"ti-next\" aria-label=\"Next review\" role=\"button\" tabindex=\"0\"><\/div> <div class=\"ti-prev\" aria-label=\"Previous review\" role=\"button\" tabindex=\"0\"><\/div> <\/div> <div class=\"ti-reviews-container-wrapper\">  <div data-empty=\"0\" data-time=\"1752624000\" class=\"ti-review-item source-Google ti-image-layout-thumbnail\" data-id=\"cfcd208495d565ef66e7dff9f98764da\"> <div class=\"ti-inner\"> <div class=\"ti-review-content\"> <span class=\"ti-stars\"><trustindex-image class=\"ti-star\" data-imgurl=\"https:\/\/cdn.trustindex.io\/assets\/platform\/Google\/star\/f.svg\" alt=\"Google\" width=\"17\" height=\"17\" loading=\"lazy\"><\/trustindex-image><trustindex-image class=\"ti-star\" data-imgurl=\"https:\/\/cdn.trustindex.io\/assets\/platform\/Google\/star\/f.svg\" alt=\"Google\" width=\"17\" height=\"17\" loading=\"lazy\"><\/trustindex-image><trustindex-image class=\"ti-star\" data-imgurl=\"https:\/\/cdn.trustindex.io\/assets\/platform\/Google\/star\/f.svg\" alt=\"Google\" width=\"17\" height=\"17\" loading=\"lazy\"><\/trustindex-image><trustindex-image class=\"ti-star\" data-imgurl=\"https:\/\/cdn.trustindex.io\/assets\/platform\/Google\/star\/f.svg\" alt=\"Google\" width=\"17\" height=\"17\" loading=\"lazy\"><\/trustindex-image><trustindex-image class=\"ti-star\" data-imgurl=\"https:\/\/cdn.trustindex.io\/assets\/platform\/Google\/star\/f.svg\" alt=\"Google\" width=\"17\" height=\"17\" loading=\"lazy\"><\/trustindex-image><span class=\"ti-verified-review ti-verified-platform\"><span class=\"ti-verified-tooltip\">Trustindex verifies that the original source of the review is Google.<\/span><\/span><\/span> <div class=\"ti-review-text-container ti-review-text\"><!-- R-CONTENT -->Excelente servicio, y confiables.<!-- R-CONTENT --><\/div> <span class=\"ti-read-more\" data-container=\".ti-review-text\" data-collapse-text=\"Hide\" data-open-text=\"Read more\"><\/span> <\/div> <div class=\"ti-platform-icon ti-with-tooltip\"> <span class=\"ti-tooltip\">Posted on <\/span> <trustindex-image data-imgurl=\"https:\/\/cdn.trustindex.io\/assets\/platform\/Google\/icon.svg\" alt=\"\" width=\"20\" height=\"20\" loading=\"lazy\"><\/trustindex-image> <\/div> <\/div> <div class=\"ti-review-header\"> <div class=\"ti-profile-img\"> <trustindex-image data-imgurl=\"https:\/\/lh3.googleusercontent.com\/a\/ACg8ocLv6RxaK24di3nAIYdW5fxfti2_h6jHYtUydncDF-qWxh7C1A=w40-h40-c-rp-mo-br100\" alt=\"michael merino profile picture\" loading=\"lazy\"><\/trustindex-image> <\/div> <div class=\"ti-profile-details\"> <div class=\"ti-name\"> michael merino <\/div> <div class=\"ti-date\"><\/div> <\/div> <\/div> <\/div>  <div data-empty=\"0\" data-time=\"1752451200\" class=\"ti-review-item source-Google ti-image-layout-thumbnail\" data-id=\"cfcd208495d565ef66e7dff9f98764da\"> <div class=\"ti-inner\"> <div class=\"ti-review-content\"> <span class=\"ti-stars\"><trustindex-image class=\"ti-star\" data-imgurl=\"https:\/\/cdn.trustindex.io\/assets\/platform\/Google\/star\/f.svg\" alt=\"Google\" width=\"17\" height=\"17\" loading=\"lazy\"><\/trustindex-image><trustindex-image class=\"ti-star\" data-imgurl=\"https:\/\/cdn.trustindex.io\/assets\/platform\/Google\/star\/f.svg\" alt=\"Google\" width=\"17\" height=\"17\" loading=\"lazy\"><\/trustindex-image><trustindex-image class=\"ti-star\" data-imgurl=\"https:\/\/cdn.trustindex.io\/assets\/platform\/Google\/star\/f.svg\" alt=\"Google\" width=\"17\" height=\"17\" loading=\"lazy\"><\/trustindex-image><trustindex-image class=\"ti-star\" data-imgurl=\"https:\/\/cdn.trustindex.io\/assets\/platform\/Google\/star\/f.svg\" alt=\"Google\" width=\"17\" height=\"17\" loading=\"lazy\"><\/trustindex-image><trustindex-image class=\"ti-star\" data-imgurl=\"https:\/\/cdn.trustindex.io\/assets\/platform\/Google\/star\/f.svg\" alt=\"Google\" width=\"17\" height=\"17\" loading=\"lazy\"><\/trustindex-image><span class=\"ti-verified-review ti-verified-platform\"><span class=\"ti-verified-tooltip\">Trustindex verifies that the original source of the review is Google.<\/span><\/span><\/span> <div class=\"ti-review-text-container ti-review-text\"><!-- R-CONTENT -->Buena atenci\u00f3n, excelente servicio \ud83e\udd1d\ud83c\udffb<!-- R-CONTENT --><\/div> <span class=\"ti-read-more\" data-container=\".ti-review-text\" data-collapse-text=\"Hide\" data-open-text=\"Read more\"><\/span> <\/div> <div class=\"ti-platform-icon ti-with-tooltip\"> <span class=\"ti-tooltip\">Posted on <\/span> <trustindex-image data-imgurl=\"https:\/\/cdn.trustindex.io\/assets\/platform\/Google\/icon.svg\" alt=\"\" width=\"20\" height=\"20\" loading=\"lazy\"><\/trustindex-image> <\/div> <\/div> <div class=\"ti-review-header\"> <div class=\"ti-profile-img\"> <trustindex-image data-imgurl=\"https:\/\/lh3.googleusercontent.com\/a-\/ALV-UjVgHgy3NkF2coGMUxaFKFzk0I5-8_3YwfFXxMbaxxm0JEupsrzb=w40-h40-c-rp-mo-br100\" alt=\"Leti Galarza profile picture\" loading=\"lazy\"><\/trustindex-image> <\/div> <div class=\"ti-profile-details\"> <div class=\"ti-name\"> Leti Galarza <\/div> <div class=\"ti-date\"><\/div> <\/div> <\/div> <\/div>  <div data-empty=\"0\" data-time=\"1752192000\" class=\"ti-review-item source-Google ti-image-layout-thumbnail\" data-id=\"cfcd208495d565ef66e7dff9f98764da\"> <div class=\"ti-inner\"> <div class=\"ti-review-content\"> <span class=\"ti-stars\"><trustindex-image class=\"ti-star\" data-imgurl=\"https:\/\/cdn.trustindex.io\/assets\/platform\/Google\/star\/f.svg\" alt=\"Google\" width=\"17\" height=\"17\" loading=\"lazy\"><\/trustindex-image><trustindex-image class=\"ti-star\" data-imgurl=\"https:\/\/cdn.trustindex.io\/assets\/platform\/Google\/star\/f.svg\" alt=\"Google\" width=\"17\" height=\"17\" loading=\"lazy\"><\/trustindex-image><trustindex-image class=\"ti-star\" data-imgurl=\"https:\/\/cdn.trustindex.io\/assets\/platform\/Google\/star\/f.svg\" alt=\"Google\" width=\"17\" height=\"17\" loading=\"lazy\"><\/trustindex-image><trustindex-image class=\"ti-star\" data-imgurl=\"https:\/\/cdn.trustindex.io\/assets\/platform\/Google\/star\/f.svg\" alt=\"Google\" width=\"17\" height=\"17\" loading=\"lazy\"><\/trustindex-image><trustindex-image class=\"ti-star\" data-imgurl=\"https:\/\/cdn.trustindex.io\/assets\/platform\/Google\/star\/f.svg\" alt=\"Google\" width=\"17\" height=\"17\" loading=\"lazy\"><\/trustindex-image><span class=\"ti-verified-review ti-verified-platform\"><span class=\"ti-verified-tooltip\">Trustindex verifies that the original source of the review is Google.<\/span><\/span><\/span> <div class=\"ti-review-text-container ti-review-text\"><!-- R-CONTENT -->Muy confiable y seguro en todo el proceso .<!-- R-CONTENT --><\/div> <span class=\"ti-read-more\" data-container=\".ti-review-text\" data-collapse-text=\"Hide\" data-open-text=\"Read more\"><\/span> <\/div> <div class=\"ti-platform-icon ti-with-tooltip\"> <span class=\"ti-tooltip\">Posted on <\/span> <trustindex-image data-imgurl=\"https:\/\/cdn.trustindex.io\/assets\/platform\/Google\/icon.svg\" alt=\"\" width=\"20\" height=\"20\" loading=\"lazy\"><\/trustindex-image> <\/div> <\/div> <div class=\"ti-review-header\"> <div class=\"ti-profile-img\"> <trustindex-image data-imgurl=\"https:\/\/lh3.googleusercontent.com\/a\/ACg8ocK6u1r3yeUs1qEAGVCF6LBxq_o6Te8FHNJ92p-Gy5zlgWdKDw=w40-h40-c-rp-mo-br100\" alt=\"Marlene Caiza profile picture\" loading=\"lazy\"><\/trustindex-image> <\/div> <div class=\"ti-profile-details\"> <div class=\"ti-name\"> Marlene Caiza <\/div> <div class=\"ti-date\"><\/div> <\/div> <\/div> <\/div>  <div data-empty=\"0\" data-time=\"1752192000\" class=\"ti-review-item source-Google ti-image-layout-thumbnail\" data-id=\"cfcd208495d565ef66e7dff9f98764da\"> <div class=\"ti-inner\"> <div class=\"ti-review-content\"> <span class=\"ti-stars\"><trustindex-image class=\"ti-star\" data-imgurl=\"https:\/\/cdn.trustindex.io\/assets\/platform\/Google\/star\/f.svg\" alt=\"Google\" width=\"17\" height=\"17\" loading=\"lazy\"><\/trustindex-image><trustindex-image class=\"ti-star\" data-imgurl=\"https:\/\/cdn.trustindex.io\/assets\/platform\/Google\/star\/f.svg\" alt=\"Google\" width=\"17\" height=\"17\" loading=\"lazy\"><\/trustindex-image><trustindex-image class=\"ti-star\" data-imgurl=\"https:\/\/cdn.trustindex.io\/assets\/platform\/Google\/star\/f.svg\" alt=\"Google\" width=\"17\" height=\"17\" loading=\"lazy\"><\/trustindex-image><trustindex-image class=\"ti-star\" data-imgurl=\"https:\/\/cdn.trustindex.io\/assets\/platform\/Google\/star\/f.svg\" alt=\"Google\" width=\"17\" height=\"17\" loading=\"lazy\"><\/trustindex-image><trustindex-image class=\"ti-star\" data-imgurl=\"https:\/\/cdn.trustindex.io\/assets\/platform\/Google\/star\/f.svg\" alt=\"Google\" width=\"17\" height=\"17\" loading=\"lazy\"><\/trustindex-image><span class=\"ti-verified-review ti-verified-platform\"><span class=\"ti-verified-tooltip\">Trustindex verifies that the original source of the review is Google.<\/span><\/span><\/span> <div class=\"ti-review-text-container ti-review-text\"><!-- R-CONTENT -->Una exelente agencia muy confiable y recomendable<!-- R-CONTENT --><\/div> <span class=\"ti-read-more\" data-container=\".ti-review-text\" data-collapse-text=\"Hide\" data-open-text=\"Read more\"><\/span> <\/div> <div class=\"ti-platform-icon ti-with-tooltip\"> <span class=\"ti-tooltip\">Posted on <\/span> <trustindex-image data-imgurl=\"https:\/\/cdn.trustindex.io\/assets\/platform\/Google\/icon.svg\" alt=\"\" width=\"20\" height=\"20\" loading=\"lazy\"><\/trustindex-image> <\/div> <\/div> <div class=\"ti-review-header\"> <div class=\"ti-profile-img\"> <trustindex-image data-imgurl=\"https:\/\/lh3.googleusercontent.com\/a\/ACg8ocKIBlqQikrDlv9-n02RkdCs9tO1YweVFtHkObfCsn1Q4RoeHQ=w40-h40-c-rp-mo-br100\" alt=\"Danilo Vicente profile picture\" loading=\"lazy\"><\/trustindex-image> <\/div> <div class=\"ti-profile-details\"> <div class=\"ti-name\"> Danilo Vicente <\/div> <div class=\"ti-date\"><\/div> <\/div> <\/div> <\/div>  <div data-empty=\"0\" data-time=\"1752105600\" class=\"ti-review-item source-Google ti-image-layout-thumbnail\" data-id=\"cfcd208495d565ef66e7dff9f98764da\"> <div class=\"ti-inner\"> <div class=\"ti-review-content\"> <span class=\"ti-stars\"><trustindex-image class=\"ti-star\" data-imgurl=\"https:\/\/cdn.trustindex.io\/assets\/platform\/Google\/star\/f.svg\" alt=\"Google\" width=\"17\" height=\"17\" loading=\"lazy\"><\/trustindex-image><trustindex-image class=\"ti-star\" data-imgurl=\"https:\/\/cdn.trustindex.io\/assets\/platform\/Google\/star\/f.svg\" alt=\"Google\" width=\"17\" height=\"17\" loading=\"lazy\"><\/trustindex-image><trustindex-image class=\"ti-star\" data-imgurl=\"https:\/\/cdn.trustindex.io\/assets\/platform\/Google\/star\/f.svg\" alt=\"Google\" width=\"17\" height=\"17\" loading=\"lazy\"><\/trustindex-image><trustindex-image class=\"ti-star\" data-imgurl=\"https:\/\/cdn.trustindex.io\/assets\/platform\/Google\/star\/f.svg\" alt=\"Google\" width=\"17\" height=\"17\" loading=\"lazy\"><\/trustindex-image><trustindex-image class=\"ti-star\" data-imgurl=\"https:\/\/cdn.trustindex.io\/assets\/platform\/Google\/star\/f.svg\" alt=\"Google\" width=\"17\" height=\"17\" loading=\"lazy\"><\/trustindex-image><span class=\"ti-verified-review ti-verified-platform\"><span class=\"ti-verified-tooltip\">Trustindex verifies that the original source of the review is Google.<\/span><\/span><\/span> <div class=\"ti-review-text-container ti-review-text\"><!-- R-CONTENT -->La Atenci\u00f3n es Excelente<!-- R-CONTENT --><\/div> <span class=\"ti-read-more\" data-container=\".ti-review-text\" data-collapse-text=\"Hide\" data-open-text=\"Read more\"><\/span> <\/div> <div class=\"ti-platform-icon ti-with-tooltip\"> <span class=\"ti-tooltip\">Posted on <\/span> <trustindex-image data-imgurl=\"https:\/\/cdn.trustindex.io\/assets\/platform\/Google\/icon.svg\" alt=\"\" width=\"20\" height=\"20\" loading=\"lazy\"><\/trustindex-image> <\/div> <\/div> <div class=\"ti-review-header\"> <div class=\"ti-profile-img\"> <trustindex-image data-imgurl=\"https:\/\/lh3.googleusercontent.com\/a\/ACg8ocKBuSS9hG8m4esrQ_iayWKZVOAxiRiJQN22XHvjbcDZJx2CtQo=w40-h40-c-rp-mo-br100\" alt=\"Rosa Magaly Goyes Elizalde profile picture\" loading=\"lazy\"><\/trustindex-image> <\/div> <div class=\"ti-profile-details\"> <div class=\"ti-name\"> Rosa Magaly Goyes Elizalde <\/div> <div class=\"ti-date\"><\/div> <\/div> <\/div> <\/div>  <\/div> <div class=\"ti-controls-line\"> <div class=\"dot\"><\/div> <\/div> <\/div>    <\/div> <\/div> <\/template><\/pre><div data-src=\"https:\/\/cdn.trustindex.io\/loader.js?wp-widget\" data-template-id=\"trustindex-google-widget-html\" data-css-url=\"https:\/\/agenciaviazi.com\/wp-content\/uploads\/trustindex-google-widget.css?1767028146\"><\/div><\/div>\n\t\t\t\t\t\t<\/div>\n\t\t\t\t<\/div>\n\t\t\t\t\t<\/div>\n\t\t\t\t<\/div>\n\t\t<div class=\"elementor-element elementor-element-35ca670 e-flex e-con-boxed e-con e-parent\" data-id=\"35ca670\" data-element_type=\"container\" data-e-type=\"container\">\n\t\t\t\t\t<div class=\"e-con-inner\">\n\t\t\t\t<div class=\"elementor-element elementor-element-2f2abd9 elementor-widget elementor-widget-html\" data-id=\"2f2abd9\" data-element_type=\"widget\" data-e-type=\"widget\" data-widget_type=\"html.default\">\n\t\t\t\t<div class=\"elementor-widget-container\">\n\t\t\t\t\t<!-- Bot\u00f3n flotante de WhatsApp -->\r\n<div id=\"whatsapp-button\">\r\n  <a href=\"https:\/\/wa.link\/qd1ofc\" target=\"_blank\">\r\n    <div class=\"whatsapp-content\">\r\n      <span>Contact an advisor<\/span>\r\n      <img decoding=\"async\" src=\"https:\/\/nutriflex.life\/wp-content\/uploads\/2025\/01\/Digital_Glyph_White.png\" alt=\"WhatsApp Logo\">\r\n    <\/div>\r\n  <\/a>\r\n<\/div>\r\n\r\n<style>\r\n  \/* Bot\u00f3n flotante *\/\r\n  #whatsapp-button {\r\n    position: fixed;\r\n    bottom: 20px;\r\n    right: 20px;\r\n    z-index: 9999;\r\n    display: flex;\r\n    align-items: center;\r\n    justify-content: center;\r\n    background-color: #25D366; \/* Verde de WhatsApp *\/\r\n    border-radius: 50px;\r\n    padding: 10px 20px;\r\n    box-shadow: 0px 4px 6px rgba(0, 0, 0, 0.1);\r\n    transition: transform 0.3s ease, box-shadow 0.3s ease;\r\n  }\r\n\r\n  #whatsapp-button:hover {\r\n    transform: scale(1.1);\r\n    box-shadow: 0px 6px 10px rgba(0, 0, 0, 0.15);\r\n  }\r\n\r\n  #whatsapp-button a {\r\n    text-decoration: none;\r\n    color: white;\r\n    display: flex;\r\n    align-items: center;\r\n  }\r\n\r\n  #whatsapp-button .whatsapp-content {\r\n    display: flex;\r\n    align-items: center;\r\n  }\r\n\r\n  #whatsapp-button span {\r\n    font-family: Arial, sans-serif;\r\n    font-size: 14px;\r\n    font-weight: bold;\r\n    margin-right: 10px;\r\n    color: white;\r\n  }\r\n\r\n  #whatsapp-button img {\r\n    width: 30px;\r\n    height: 30px;\r\n    border-radius: 50%;\r\n    object-fit: cover;\r\n  }\r\n<\/style>\r\n\t\t\t\t<\/div>\n\t\t\t\t<\/div>\n\t\t\t\t\t<\/div>\n\t\t\t\t<\/div>\n\t\t\t\t<\/div>","protected":false},"excerpt":{"rendered":"<p>PONTE EN CONTACTO NUESTROS EJECUTIVOS ESPERAN TU MENSAJE \u00bfNecesitas atenci\u00f3n personalizada? \u00a1No dudes en contactarnos! Nuestros ejecutivos comerciales te facilitar\u00e1n toda la informaci\u00f3n que necesites sobre como iniciar tu pr\u00f3xima aventura al rededor del mundo. Direcci\u00f3n Royal Pacific, La Pinta E5-38 y, Quito 170522, Ecuador Correo info@agenciaviazi.com Tel\u00e9fono +593 98 058 0171 Contactar a un [&hellip;]<\/p>","protected":false},"author":1,"featured_media":0,"parent":0,"menu_order":0,"comment_status":"closed","ping_status":"closed","template":"elementor_header_footer","meta":{"footnotes":""},"class_list":["post-21","page","type-page","status-publish","hentry"],"_links":{"self":[{"href":"https:\/\/agenciaviazi.com\/en\/wp-json\/wp\/v2\/pages\/21","targetHints":{"allow":["GET"]}}],"collection":[{"href":"https:\/\/agenciaviazi.com\/en\/wp-json\/wp\/v2\/pages"}],"about":[{"href":"https:\/\/agenciaviazi.com\/en\/wp-json\/wp\/v2\/types\/page"}],"author":[{"embeddable":true,"href":"https:\/\/agenciaviazi.com\/en\/wp-json\/wp\/v2\/users\/1"}],"replies":[{"embeddable":true,"href":"https:\/\/agenciaviazi.com\/en\/wp-json\/wp\/v2\/comments?post=21"}],"version-history":[{"count":85,"href":"https:\/\/agenciaviazi.com\/en\/wp-json\/wp\/v2\/pages\/21\/revisions"}],"predecessor-version":[{"id":5500,"href":"https:\/\/agenciaviazi.com\/en\/wp-json\/wp\/v2\/pages\/21\/revisions\/5500"}],"wp:attachment":[{"href":"https:\/\/agenciaviazi.com\/en\/wp-json\/wp\/v2\/media?parent=21"}],"curies":[{"name":"wp","href":"https:\/\/api.w.org\/{rel}","templated":true}]}}